{"id":82,"date":"2026-02-25T01:03:10","date_gmt":"2026-02-24T23:03:10","guid":{"rendered":"https:\/\/casatimar.ro\/contact\/"},"modified":"2026-03-16T11:35:50","modified_gmt":"2026-03-16T09:35:50","slug":"contact","status":"publish","type":"page","link":"https:\/\/cazarepensiunibrasov.ro\/en\/contact\/","title":{"rendered":"Contact"},"content":{"rendered":"\t\t<div data-elementor-type=\"wp-page\" data-elementor-id=\"82\" class=\"elementor elementor-82\" data-elementor-post-type=\"page\">\n\t\t\t\t<div class=\"elementor-element elementor-element-15b78821 e-flex e-con-boxed e-con e-parent\" data-id=\"15b78821\" data-element_type=\"container\" data-e-type=\"container\">\n\t\t\t\t\t<div class=\"e-con-inner\">\n\t\t\t\t<div class=\"elementor-element elementor-element-f5ba238 elementor-widget elementor-widget-heading\" data-id=\"f5ba238\" data-element_type=\"widget\" data-e-type=\"widget\" data-widget_type=\"heading.default\">\n\t\t\t\t\t<h2 class=\"elementor-heading-title elementor-size-default\">Contact &amp; Rezerv\u0103ri<\/h2>\t\t\t\t<\/div>\n\t\t\t\t<div class=\"elementor-element elementor-element-53dd7610 elementor-widget elementor-widget-text-editor\" data-id=\"53dd7610\" data-element_type=\"widget\" data-e-type=\"widget\" data-widget_type=\"text-editor.default\">\n\t\t\t\t\t\t\t\t\t<p>Suntem aici pentru tine! Contacteaz\u0103-ne telefonic sau completeaz\u0103 formularul de mai jos<\/p>\t\t\t\t\t\t\t\t<\/div>\n\t\t<div class=\"elementor-element elementor-element-55c35971 e-con-full e-flex e-con e-child\" data-id=\"55c35971\" data-element_type=\"container\" data-e-type=\"container\">\n\t\t<div class=\"elementor-element elementor-element-7bedcc82 e-con-full e-flex e-con e-child\" data-id=\"7bedcc82\" data-element_type=\"container\" data-e-type=\"container\" data-settings=\"{&quot;background_background&quot;:&quot;classic&quot;}\">\n\t\t\t\t<div class=\"elementor-element elementor-element-3ff46004 elementor-widget elementor-widget-heading\" data-id=\"3ff46004\" data-element_type=\"widget\" data-e-type=\"widget\" data-widget_type=\"heading.default\">\n\t\t\t\t\t<h2 class=\"elementor-heading-title elementor-size-default\">Informa\u021bii de contact<\/h2>\t\t\t\t<\/div>\n\t\t\t\t<div class=\"elementor-element elementor-element-7f979feb elementor-view-stacked elementor-shape-rounded elementor-position-inline-start elementor-mobile-position-block-start elementor-widget elementor-widget-icon-box\" data-id=\"7f979feb\" data-element_type=\"widget\" data-e-type=\"widget\" data-widget_type=\"icon-box.default\">\n\t\t\t\t\t\t\t<div class=\"elementor-icon-box-wrapper\">\n\n\t\t\t\t\t\t<div class=\"elementor-icon-box-icon\">\n\t\t\t\t<a href=\"tel:0749174496\" class=\"elementor-icon\" tabindex=\"-1\" aria-label=\"Telefon 1\">\n\t\t\t\t<svg class=\"ekit-svg-icon icon-phone-call\" viewBox=\"0 0 32 32\" xmlns=\"http:\/\/www.w3.org\/2000\/svg\"><path d=\"M25.719 32.4c-1.331 0-2.939-0.334-4.708-1.001-3.877-1.462-8.095-4.35-11.877-8.133-3.783-3.783-6.672-8.002-8.135-11.879-1.329-3.525-1.332-6.418-0.008-7.742 0.191-0.191 0.384-0.395 0.584-0.606 1.209-1.271 2.575-2.702 4.385-2.637 1.247 0.052 2.456 0.827 3.694 2.367 3.657 4.549 2.008 6.169 0.1 8.049l-0.337 0.334c-0.312 0.312-0.902 1.758 4.585 7.245 1.791 1.791 3.318 3.102 4.539 3.895 0.768 0.499 2.143 1.255 2.707 0.691l0.339-0.342c1.877-1.904 3.498-3.548 8.043 0.107 1.54 1.238 2.314 2.445 2.366 3.695 0.074 1.809-1.367 3.178-2.639 4.386-0.21 0.2-0.414 0.394-0.605 0.583-0.658 0.659-1.709 0.989-3.034 0.989zM5.832 1.476c-1.286 0-2.448 1.223-3.475 2.304-0.207 0.217-0.407 0.428-0.604 0.625-0.987 0.986-0.887 3.577 0.254 6.602 1.41 3.737 4.212 7.821 7.889 11.498 3.677 3.676 7.758 6.477 11.496 7.886 3.026 1.143 5.616 1.24 6.601 0.255 0.197-0.197 0.408-0.397 0.625-0.603 1.105-1.050 2.359-2.241 2.304-3.562-0.038-0.907-0.699-1.884-1.964-2.901-3.788-3.046-4.847-1.971-6.603-0.189l-0.344 0.348c-0.84 0.841-2.203 0.654-4.055-0.549-1.284-0.835-2.871-2.194-4.713-4.037-4.554-4.553-6.010-7.339-4.585-8.768l0.343-0.339c1.786-1.757 2.863-2.817-0.184-6.606-1.019-1.265-1.994-1.926-2.902-1.964-0.028-0.001-0.056-0.001-0.084-0.001z\"><\/path><\/svg>\t\t\t\t<\/a>\n\t\t\t<\/div>\n\t\t\t\n\t\t\t\t\t\t<div class=\"elementor-icon-box-content\">\n\n\t\t\t\t\t\t\t\t\t<h3 class=\"elementor-icon-box-title\">\n\t\t\t\t\t\t<a href=\"tel:0749174496\" >\n\t\t\t\t\t\t\tTelefon 1\t\t\t\t\t\t<\/a>\n\t\t\t\t\t<\/h3>\n\t\t\t\t\n\t\t\t\t\t\t\t\t\t<p class=\"elementor-icon-box-description\">\n\t\t\t\t\t\t+40749174496\n\t\t\t\t\t<\/p>\n\t\t\t\t\n\t\t\t<\/div>\n\t\t\t\n\t\t<\/div>\n\t\t\t\t\t\t<\/div>\n\t\t\t\t<div class=\"elementor-element elementor-element-2672420 elementor-view-stacked elementor-shape-rounded elementor-position-inline-start elementor-mobile-position-block-start elementor-widget elementor-widget-icon-box\" data-id=\"2672420\" data-element_type=\"widget\" data-e-type=\"widget\" data-widget_type=\"icon-box.default\">\n\t\t\t\t\t\t\t<div class=\"elementor-icon-box-wrapper\">\n\n\t\t\t\t\t\t<div class=\"elementor-icon-box-icon\">\n\t\t\t\t<a href=\"tel:+40756204110\" class=\"elementor-icon\" tabindex=\"-1\" aria-label=\"Telefon 2\">\n\t\t\t\t<svg class=\"ekit-svg-icon icon-phone-call\" viewBox=\"0 0 32 32\" xmlns=\"http:\/\/www.w3.org\/2000\/svg\"><path d=\"M25.719 32.4c-1.331 0-2.939-0.334-4.708-1.001-3.877-1.462-8.095-4.35-11.877-8.133-3.783-3.783-6.672-8.002-8.135-11.879-1.329-3.525-1.332-6.418-0.008-7.742 0.191-0.191 0.384-0.395 0.584-0.606 1.209-1.271 2.575-2.702 4.385-2.637 1.247 0.052 2.456 0.827 3.694 2.367 3.657 4.549 2.008 6.169 0.1 8.049l-0.337 0.334c-0.312 0.312-0.902 1.758 4.585 7.245 1.791 1.791 3.318 3.102 4.539 3.895 0.768 0.499 2.143 1.255 2.707 0.691l0.339-0.342c1.877-1.904 3.498-3.548 8.043 0.107 1.54 1.238 2.314 2.445 2.366 3.695 0.074 1.809-1.367 3.178-2.639 4.386-0.21 0.2-0.414 0.394-0.605 0.583-0.658 0.659-1.709 0.989-3.034 0.989zM5.832 1.476c-1.286 0-2.448 1.223-3.475 2.304-0.207 0.217-0.407 0.428-0.604 0.625-0.987 0.986-0.887 3.577 0.254 6.602 1.41 3.737 4.212 7.821 7.889 11.498 3.677 3.676 7.758 6.477 11.496 7.886 3.026 1.143 5.616 1.24 6.601 0.255 0.197-0.197 0.408-0.397 0.625-0.603 1.105-1.050 2.359-2.241 2.304-3.562-0.038-0.907-0.699-1.884-1.964-2.901-3.788-3.046-4.847-1.971-6.603-0.189l-0.344 0.348c-0.84 0.841-2.203 0.654-4.055-0.549-1.284-0.835-2.871-2.194-4.713-4.037-4.554-4.553-6.010-7.339-4.585-8.768l0.343-0.339c1.786-1.757 2.863-2.817-0.184-6.606-1.019-1.265-1.994-1.926-2.902-1.964-0.028-0.001-0.056-0.001-0.084-0.001z\"><\/path><\/svg>\t\t\t\t<\/a>\n\t\t\t<\/div>\n\t\t\t\n\t\t\t\t\t\t<div class=\"elementor-icon-box-content\">\n\n\t\t\t\t\t\t\t\t\t<h3 class=\"elementor-icon-box-title\">\n\t\t\t\t\t\t<a href=\"tel:+40756204110\" >\n\t\t\t\t\t\t\tTelefon 2\t\t\t\t\t\t<\/a>\n\t\t\t\t\t<\/h3>\n\t\t\t\t\n\t\t\t\t\t\t\t\t\t<p class=\"elementor-icon-box-description\">\n\t\t\t\t\t\t+40756204110\n\t\t\t\t\t<\/p>\n\t\t\t\t\n\t\t\t<\/div>\n\t\t\t\n\t\t<\/div>\n\t\t\t\t\t\t<\/div>\n\t\t\t\t<div class=\"elementor-element elementor-element-3eda07c3 elementor-view-stacked elementor-shape-rounded elementor-position-inline-start elementor-mobile-position-block-start elementor-widget elementor-widget-icon-box\" data-id=\"3eda07c3\" data-element_type=\"widget\" data-e-type=\"widget\" data-widget_type=\"icon-box.default\">\n\t\t\t\t\t\t\t<div class=\"elementor-icon-box-wrapper\">\n\n\t\t\t\t\t\t<div class=\"elementor-icon-box-icon\">\n\t\t\t\t<span  class=\"elementor-icon\">\n\t\t\t\t<svg aria-hidden=\"true\" class=\"e-font-icon-svg e-fas-map-marker-alt\" viewBox=\"0 0 384 512\" xmlns=\"http:\/\/www.w3.org\/2000\/svg\"><path d=\"M172.268 501.67C26.97 291.031 0 269.413 0 192 0 85.961 85.961 0 192 0s192 85.961 192 192c0 77.413-26.97 99.031-172.268 309.67-9.535 13.774-29.93 13.773-39.464 0zM192 272c44.183 0 80-35.817 80-80s-35.817-80-80-80-80 35.817-80 80 35.817 80 80 80z\"><\/path><\/svg>\t\t\t\t<\/span>\n\t\t\t<\/div>\n\t\t\t\n\t\t\t\t\t\t<div class=\"elementor-icon-box-content\">\n\n\t\t\t\t\t\t\t\t\t<h3 class=\"elementor-icon-box-title\">\n\t\t\t\t\t\t<span  >\n\t\t\t\t\t\t\tLoca\u021bie\t\t\t\t\t\t<\/span>\n\t\t\t\t\t<\/h3>\n\t\t\t\t\n\t\t\t\t\t\t\t\t\t<p class=\"elementor-icon-box-description\">\n\t\t\t\t\t\tBra\u0219ov, Rom\u00e2nia<br>\nLa 7-10 minute de centrul istoric\t\t\t\t\t<\/p>\n\t\t\t\t\n\t\t\t<\/div>\n\t\t\t\n\t\t<\/div>\n\t\t\t\t\t\t<\/div>\n\t\t<div class=\"elementor-element elementor-element-65abf67 e-con-full e-flex e-con e-child\" data-id=\"65abf67\" data-element_type=\"container\" data-e-type=\"container\" data-settings=\"{&quot;background_background&quot;:&quot;classic&quot;}\">\n\t\t\t\t<div class=\"elementor-element elementor-element-22a99034 elementor-icon-list--layout-traditional elementor-list-item-link-full_width elementor-widget elementor-widget-icon-list\" data-id=\"22a99034\" data-element_type=\"widget\" data-e-type=\"widget\" data-widget_type=\"icon-list.default\">\n\t\t\t\t\t\t\t<ul class=\"elementor-icon-list-items\">\n\t\t\t\t\t\t\t<li class=\"elementor-icon-list-item\">\n\t\t\t\t\t\t\t\t\t\t\t<span class=\"elementor-icon-list-icon\">\n\t\t\t\t\t\t\t<svg class=\"ekit-svg-icon icon-gift1\" viewBox=\"0 0 32 32\" xmlns=\"http:\/\/www.w3.org\/2000\/svg\"><path d=\"M29.6 8h-4.802c0.503-0.669 0.802-1.5 0.802-2.4 0-2.206-1.794-4-4-4-2.224 0-4.090 1.762-5.003 2.812-0.553 0.636-1.030 1.317-1.396 1.975-0.367-0.658-0.843-1.339-1.396-1.975-0.914-1.050-2.779-2.812-5.004-2.812-2.206 0-4 1.794-4 4 0 0.9 0.299 1.731 0.802 2.4h-4.802c-0.442 0-0.8 0.358-0.8 0.8v4.8c0 0.442 0.358 0.8 0.8 0.8h0.8v15.2c0 1.323 1.077 2.4 2.4 2.4h22.4c1.323 0 2.4-1.077 2.4-2.4v-15.2h0.8c0.442 0 0.8-0.358 0.8-0.8v-4.8c0-0.442-0.358-0.8-0.8-0.8zM17.803 5.462c1.251-1.438 2.635-2.262 3.797-2.262 1.323 0 2.4 1.077 2.4 2.4s-1.077 2.4-2.4 2.4h-5.405c0.277-0.707 0.836-1.651 1.608-2.538zM17.6 30.4h-4.8v-20.8h4.8v20.8zM6.4 5.6c0-1.323 1.077-2.4 2.4-2.4 1.162 0 2.545 0.825 3.796 2.262 0.772 0.887 1.331 1.831 1.608 2.538h-5.405c-1.323 0-2.4-1.077-2.4-2.4zM1.6 9.6h9.6v3.2h-9.6v-3.2zM3.2 29.6v-15.2h8v16h-7.2c-0.441 0-0.8-0.359-0.8-0.8zM27.2 29.6c0 0.441-0.359 0.8-0.8 0.8h-7.2v-16h8v15.2zM28.8 12.8h-9.6v-3.2h9.6v3.2z\"><\/path><\/svg>\t\t\t\t\t\t<\/span>\n\t\t\t\t\t\t\t\t\t\t<span class=\"elementor-icon-list-text\">Cod reducere special<\/span>\n\t\t\t\t\t\t\t\t\t<\/li>\n\t\t\t\t\t\t<\/ul>\n\t\t\t\t\t\t<\/div>\n\t\t\t\t<div class=\"elementor-element elementor-element-2dede7ca elementor-widget elementor-widget-heading\" data-id=\"2dede7ca\" data-element_type=\"widget\" data-e-type=\"widget\" data-widget_type=\"heading.default\">\n\t\t\t\t\t<h2 class=\"elementor-heading-title elementor-size-default\">CASATIMAR10<\/h2>\t\t\t\t<\/div>\n\t\t\t\t<div class=\"elementor-element elementor-element-41ea902a elementor-widget elementor-widget-heading\" data-id=\"41ea902a\" data-element_type=\"widget\" data-e-type=\"widget\" data-widget_type=\"heading.default\">\n\t\t\t\t\t<p class=\"elementor-heading-title elementor-size-default\">Rezerv\u0103 direct \u0219i prime\u0219ti 10% reducere!<\/p>\t\t\t\t<\/div>\n\t\t\t\t<\/div>\n\t\t\t\t<div class=\"elementor-element elementor-element-79cfab00 elementor-widget elementor-widget-google_maps\" data-id=\"79cfab00\" data-element_type=\"widget\" data-e-type=\"widget\" data-widget_type=\"google_maps.default\">\n\t\t\t\t\t\t\t<div class=\"elementor-custom-embed\">\n\t\t\t<iframe loading=\"lazy\"\n\t\t\t\t\tsrc=\"https:\/\/maps.google.com\/maps?q=Pensiunea%20CASA%20TIMAR%2C%20str.%20Gr%C4%83dinarilor%20nr.%204&#038;t=m&#038;z=12&#038;output=embed&#038;iwloc=near\"\n\t\t\t\t\ttitle=\"Pensiunea CASA TIMAR, str. Gr\u0103dinarilor nr. 4\"\n\t\t\t\t\taria-label=\"Pensiunea CASA TIMAR, str. Gr\u0103dinarilor nr. 4\"\n\t\t\t><\/iframe>\n\t\t<\/div>\n\t\t\t\t\t\t<\/div>\n\t\t\t\t<\/div>\n\t\t<div class=\"elementor-element elementor-element-29ea15d5 e-con-full e-flex e-con e-child\" data-id=\"29ea15d5\" data-element_type=\"container\" data-e-type=\"container\">\n\t\t\t\t<div class=\"elementor-element elementor-element-2138bd32 elementor-widget elementor-widget-heading\" data-id=\"2138bd32\" data-element_type=\"widget\" data-e-type=\"widget\" data-widget_type=\"heading.default\">\n\t\t\t\t\t<h2 class=\"elementor-heading-title elementor-size-default\">Formular de Rezervare<\/h2>\t\t\t\t<\/div>\n\t\t\t\t<div class=\"elementor-element elementor-element-1a232cb3 fluentform-widget-submit-button-custom elementor-widget elementor-widget-fluent-form-widget\" data-id=\"1a232cb3\" data-element_type=\"widget\" data-e-type=\"widget\" data-widget_type=\"fluent-form-widget.default\">\n\t\t\t\t<div class=\"elementor-widget-container\">\n\t\t\t\t\t\n            <div class=\"fluentform-widget-wrapper fluentform-widget-align-default\">\n\n            \n            <div class='fluentform ff-default fluentform_wrapper_4 ffs_default_wrap'><form data-form_id=\"4\" id=\"fluentform_4\" class=\"frm-fluent-form fluent_form_4 ff-el-form-top ff_form_instance_4_1 ff-form-loading ffs_default\" data-form_instance=\"ff_form_instance_4_1\" method=\"POST\" ><fieldset  style=\"border: none!important;margin: 0!important;padding: 0!important;background-color: transparent!important;box-shadow: none!important;outline: none!important; min-inline-size: 100%;\">\n                    <legend class=\"ff_screen_reader_title\" style=\"display: block; margin: 0!important;padding: 0!important;height: 0!important;text-indent: -999999px;width: 0!important;overflow:hidden;\">Booking Form<\/legend><input type='hidden' name='__fluent_form_embded_post_id' value='82' \/><input type=\"hidden\" id=\"_fluentform_4_fluentformnonce\" name=\"_fluentform_4_fluentformnonce\" value=\"469aab0042\" \/><input type=\"hidden\" name=\"_wp_http_referer\" value=\"\/en\/wp-json\/wp\/v2\/pages\/82\" \/><div data-type=\"name-element\" data-name=\"names\" class=\" ff-field_container ff-name-field-wrapper\" ><div class='ff-t-container'><div class='ff-t-cell '><div class='ff-el-group ff-el-form-top'><div class=\"ff-el-input--label ff-el-is-required asterisk-right\"><label for='ff_4_names_first_name_' id='label_ff_4_names_first_name_' >Nume complet<\/label><\/div><div class='ff-el-input--content'><input type=\"text\" name=\"names[first_name]\" id=\"ff_4_names_first_name_\" class=\"ff-el-form-control\" aria-invalid=\"false\" aria-required=true><\/div><\/div><\/div><\/div><\/div><div class='ff-el-group'><div class=\"ff-el-input--label ff-el-is-required asterisk-right\"><label for='ff_4_input_text' id='label_ff_4_input_text' aria-label=\"Telefon\">Telefon<\/label><\/div><div class='ff-el-input--content'><input type=\"text\" name=\"input_text\" class=\"ff-el-form-control\" data-name=\"input_text\" id=\"ff_4_input_text\"  aria-invalid=\"false\" aria-required=true><\/div><\/div><div class='ff-el-group'><div class=\"ff-el-input--label ff-el-is-required asterisk-right\"><label for='ff_4_email' id='label_ff_4_email' aria-label=\"Email\">Email<\/label><\/div><div class='ff-el-input--content'><input type=\"email\" name=\"email\" id=\"ff_4_email\" class=\"ff-el-form-control\" data-name=\"email\"  aria-invalid=\"false\" aria-required=true><\/div><\/div><div class='ff-el-group'><div class=\"ff-el-input--label asterisk-right\"><label for='ff_4_numeric_field' id='label_ff_4_numeric_field' aria-label=\"Num\u0103r persoane\">Num\u0103r persoane<\/label><\/div><div class='ff-el-input--content'><input type=\"number\" name=\"numeric_field\" id=\"ff_4_numeric_field\" class=\"ff-el-form-control\" data-name=\"numeric_field\" inputmode=\"numeric\" step=\"any\"  aria-invalid=\"false\" aria-required=false><\/div><\/div><div data-name=\"ff_cn_id_1\"  class='ff-t-container ff-column-container ff_columns_total_2 '><div class='ff-t-cell ff-t-column-1' style='flex-basis: 50%;'><div class='ff-el-group'><div class=\"ff-el-input--label asterisk-right\"><label for='ff_4_datetime' id='label_ff_4_datetime' aria-label=\"Check-in (op\u021bional)\">Check-in (op\u021bional)<\/label><\/div><div class='ff-el-input--content'><input  aria-label='Check-in (op\u021bional) Use arrow keys to navigate dates. Press enter to select a date.'  aria-haspopup='dialog' data-type-datepicker data-format='d\/m\/Y' type=\"text\" name=\"datetime\" id=\"ff_4_datetime\" class=\"ff-el-form-control ff-el-datepicker\" placeholder=\"mm\/dd\/yyyy\" data-name=\"datetime\"  aria-invalid='false' aria-required=false><\/div><\/div><\/div><div class='ff-t-cell ff-t-column-2' style='flex-basis: 50%;'><div class='ff-el-group'><div class=\"ff-el-input--label asterisk-right\"><label for='ff_4_datetime_1' id='label_ff_4_datetime_1' aria-label=\"Check-out (op\u021bional)\">Check-out (op\u021bional)<\/label><\/div><div class='ff-el-input--content'><input  aria-label='Check-out (op\u021bional) Use arrow keys to navigate dates. Press enter to select a date.'  aria-haspopup='dialog' data-type-datepicker data-format='d\/m\/Y' type=\"text\" name=\"datetime_1\" id=\"ff_4_datetime_1\" class=\"ff-el-form-control ff-el-datepicker\" placeholder=\"mm\/dd\/yyyy\" data-name=\"datetime_1\"  aria-invalid='false' aria-required=false><\/div><\/div><\/div><\/div><div class='ff-el-group'><div class=\"ff-el-input--label ff-el-is-required asterisk-right\"><label for='ff_4_dropdown' id='label_ff_4_dropdown' aria-label=\"Camer\u0103\">Camer\u0103<\/label><\/div><div class='ff-el-input--content'><select name=\"dropdown\" id=\"ff_4_dropdown\" class=\"ff-el-form-control\" data-name=\"dropdown\" data-calc_value=\"0\"  aria-invalid=\"false\" aria-required=\"true\" aria-labelledby=\"label_ff_4_dropdown\"><option value=\"\">- Select -<\/option><option value=\"Camer\u0103 Dubl\u0103 Standard\"  >Camer\u0103 Dubl\u0103 Standard<\/option><option value=\"Camer\u0103 Superior\"  >Camer\u0103 Superior<\/option><option value=\"Camer\u0103 Economy\"  >Camer\u0103 Economy<\/option><option value=\"Suit\u0103 2 Dormitoare\"  >Suit\u0103 2 Dormitoare<\/option><option value=\"Camer\u0103 Turist\"  >Camer\u0103 Turist<\/option><\/select><\/div><\/div><div class='ff-el-group'><div class=\"ff-el-input--label ff-el-is-required asterisk-right\"><label for='ff_4_description' id='label_ff_4_description' aria-label=\"Mesaj\">Mesaj<\/label><\/div><div class='ff-el-input--content'><textarea aria-required=\"true\" aria-labelledby=\"label_ff_4_description\" name=\"description\" id=\"ff_4_description\" class=\"ff-el-form-control\" rows=\"3\" cols=\"2\" data-name=\"description\" ><\/textarea><\/div><\/div><div class='ff-el-group    ff-el-input--content'><div class='ff-el-form-check ff-el-tc'><label aria-label='Terms and Conditions: Sunt de acord cu\u00a0Politica de confiden\u021bialitate Contains 1 link. Use tab navigation to review.' class='ff-el-form-check-label ff_tc_label' for=terms-n-condition_b32b6d3469af8dcfa3c6f5aea3820ec0><span class='ff_tc_checkbox'><input type=\"checkbox\" name=\"terms-n-condition\" class=\"ff-el-form-check-input\" data-name=\"terms-n-condition\" id=\"terms-n-condition_b32b6d3469af8dcfa3c6f5aea3820ec0\"  value='on' aria-invalid='false' aria-required=true><\/span> <div class='ff_t_c'><p>Sunt de acord cu\u00a0<a class=\"text-[#2C5F4E] hover:underline\" href=\"\/politica-de-confidentialitate\">Politica de confiden\u021bialitate<\/a><\/p><\/div><\/label><\/div><\/div><div class='ff-el-group ff-text-left ff_submit_btn_wrapper'><button type=\"submit\" class=\"ff-btn ff-btn-submit ff-btn-md ff_btn_style\"  aria-label=\"TRIMITE CEREREA DE REZERVARE\">TRIMITE CEREREA DE REZERVARE<\/button><\/div><\/fieldset><\/form><div id='fluentform_4_errors' class='ff-errors-in-stack ff_form_instance_4_1 ff-form-loading_errors ff_form_instance_4_1_errors'><\/div><\/div>            <script type=\"text\/javascript\">\n                window.fluent_form_ff_form_instance_4_1 = {\"id\":\"4\",\"settings\":{\"layout\":{\"labelPlacement\":\"top\",\"asteriskPlacement\":\"asterisk-right\",\"helpMessagePlacement\":\"with_label\",\"errorMessagePlacement\":\"inline\",\"cssClassName\":\"\"},\"restrictions\":{\"denyEmptySubmission\":{\"enabled\":false}}},\"form_instance\":\"ff_form_instance_4_1\",\"form_id_selector\":\"fluentform_4\",\"rules\":{\"names[first_name]\":{\"required\":{\"value\":true,\"message\":\"This field is required\",\"global_message\":\"This field is required\",\"global\":true}},\"names[middle_name]\":{\"required\":{\"value\":false,\"message\":\"This field is required\",\"global_message\":\"This field is required\",\"global\":true}},\"names[last_name]\":{\"required\":{\"value\":false,\"message\":\"This field is required\",\"global_message\":\"This field is required\",\"global\":true}},\"input_text\":{\"required\":{\"value\":true,\"message\":\"This field is required\",\"global_message\":\"This field is required\",\"global\":true}},\"email\":{\"required\":{\"value\":true,\"message\":\"This field is required\",\"global_message\":\"This field is required\",\"global\":true},\"email\":{\"value\":true,\"message\":\"This field must contain a valid email\",\"global_message\":\"This field must contain a valid email\",\"global\":true}},\"numeric_field\":{\"required\":{\"value\":false,\"message\":\"This field is required\",\"global_message\":\"This field is required\",\"global\":true},\"numeric\":{\"value\":true,\"message\":\"This field must contain numeric value\",\"global_message\":\"This field must contain numeric value\",\"global\":true},\"min\":{\"value\":\"\",\"message\":\"Validation fails for minimum value\",\"global_message\":\"Validation fails for minimum value\",\"global\":true},\"max\":{\"value\":\"\",\"message\":\"Validation fails for maximum value\",\"global_message\":\"Validation fails for maximum value\",\"global\":true},\"digits\":{\"value\":\"\",\"message\":\"Validation fails for limited digits\",\"global_message\":\"Validation fails for limited digits\",\"global\":true}},\"datetime\":{\"required\":{\"value\":false,\"message\":\"This field is required\",\"global_message\":\"This field is required\",\"global\":true}},\"datetime_1\":{\"required\":{\"value\":false,\"message\":\"This field is required\",\"global_message\":\"This field is required\",\"global\":true}},\"dropdown\":{\"required\":{\"value\":true,\"message\":\"This field is required\",\"global_message\":\"This field is required\",\"global\":true}},\"description\":{\"required\":{\"value\":true,\"message\":\"This field is required\",\"global_message\":\"This field is required\",\"global\":true}},\"terms-n-condition\":{\"required\":{\"value\":true,\"message\":\"This field is required\",\"global_message\":\"This field is required\",\"global\":true}}},\"debounce_time\":300};\n                            <\/script>\n                        <\/div>\n\n            \t\t\t\t<\/div>\n\t\t\t\t<\/div>\n\t\t\t\t<div class=\"elementor-element elementor-element-321c08f elementor-widget elementor-widget-text-editor\" data-id=\"321c08f\" data-element_type=\"widget\" data-e-type=\"widget\" data-widget_type=\"text-editor.default\">\n\t\t\t\t\t\t\t\t\t<p>*Aceasta este o cerere de rezervare.<br data-start=\"1239\" data-end=\"1242\" \/>Confirmarea se face telefonic sau prin email.<\/p>\t\t\t\t\t\t\t\t<\/div>\n\t\t\t\t<\/div>\n\t\t\t\t<\/div>\n\t\t\t\t\t<\/div>\n\t\t\t\t<\/div>\n\t\t\t\t<\/div>\n\t\t","protected":false},"excerpt":{"rendered":"<p>Contact &amp; Rezerv\u0103ri Suntem aici pentru tine! Contacteaz\u0103-ne telefonic sau completeaz\u0103 formularul de mai jos Informa\u021bii de contact Telefon 1 +40749174496 Telefon 2 +40756204110 Loca\u021bie Bra\u0219ov, Rom\u00e2nia La 7-10 minute de centrul istoric Cod reducere special CASATIMAR10 Rezerv\u0103 direct \u0219i prime\u0219ti 10% reducere! Formular de Rezervare Booking Form Nume completTelefonEmailNum\u0103r persoaneCheck-in (op\u021bional)Check-out (op\u021bional)Camer\u0103&#8211; Select &#8211;Camer\u0103&#8230;<\/p>","protected":false},"author":1,"featured_media":0,"parent":0,"menu_order":0,"comment_status":"closed","ping_status":"closed","template":"elementor_header_footer","meta":{"_kad_post_transparent":"","_kad_post_title":"","_kad_post_layout":"","_kad_post_sidebar_id":"","_kad_post_content_style":"","_kad_post_vertical_padding":"","_kad_post_feature":"","_kad_post_feature_position":"","_kad_post_header":false,"_kad_post_footer":false,"_kad_post_classname":"","footnotes":""},"class_list":["post-82","page","type-page","status-publish","hentry"],"_links":{"self":[{"href":"https:\/\/cazarepensiunibrasov.ro\/en\/wp-json\/wp\/v2\/pages\/82","targetHints":{"allow":["GET"]}}],"collection":[{"href":"https:\/\/cazarepensiunibrasov.ro\/en\/wp-json\/wp\/v2\/pages"}],"about":[{"href":"https:\/\/cazarepensiunibrasov.ro\/en\/wp-json\/wp\/v2\/types\/page"}],"author":[{"embeddable":true,"href":"https:\/\/cazarepensiunibrasov.ro\/en\/wp-json\/wp\/v2\/users\/1"}],"replies":[{"embeddable":true,"href":"https:\/\/cazarepensiunibrasov.ro\/en\/wp-json\/wp\/v2\/comments?post=82"}],"version-history":[{"count":3,"href":"https:\/\/cazarepensiunibrasov.ro\/en\/wp-json\/wp\/v2\/pages\/82\/revisions"}],"predecessor-version":[{"id":1083,"href":"https:\/\/cazarepensiunibrasov.ro\/en\/wp-json\/wp\/v2\/pages\/82\/revisions\/1083"}],"wp:attachment":[{"href":"https:\/\/cazarepensiunibrasov.ro\/en\/wp-json\/wp\/v2\/media?parent=82"}],"curies":[{"name":"wp","href":"https:\/\/api.w.org\/{rel}","templated":true}]}}