{"id":60,"date":"2026-02-25T01:02:57","date_gmt":"2026-02-24T23:02:57","guid":{"rendered":"https:\/\/casatimar.ro\/despre-noi\/"},"modified":"2026-03-16T10:46:29","modified_gmt":"2026-03-16T08:46:29","slug":"despre-noi","status":"publish","type":"page","link":"https:\/\/cazarepensiunibrasov.ro\/en\/despre-noi\/","title":{"rendered":"About Us"},"content":{"rendered":"\t\t<div data-elementor-type=\"wp-page\" data-elementor-id=\"60\" class=\"elementor elementor-60\" data-elementor-post-type=\"page\">\n\t\t\t\t<div class=\"elementor-element elementor-element-378813ae e-flex e-con-boxed e-con e-parent\" data-id=\"378813ae\" data-element_type=\"container\" data-e-type=\"container\" data-settings=\"{&quot;background_background&quot;:&quot;classic&quot;}\">\n\t\t\t\t\t<div class=\"e-con-inner\">\n\t\t\t\t<div class=\"elementor-element elementor-element-6bacaab5 elementor-widget elementor-widget-heading\" data-id=\"6bacaab5\" data-element_type=\"widget\" data-e-type=\"widget\" data-widget_type=\"heading.default\">\n\t\t\t\t\t<h2 class=\"elementor-heading-title elementor-size-default\">Despre noi \u2013 Pensiunea Casa Timar Bra\u0219ov<\/h2>\t\t\t\t<\/div>\n\t\t\t\t<div class=\"elementor-element elementor-element-11bbb796 elementor-widget elementor-widget-text-editor\" data-id=\"11bbb796\" data-element_type=\"widget\" data-e-type=\"widget\" data-widget_type=\"text-editor.default\">\n\t\t\t\t\t\t\t\t\t<p>O poveste despre lini\u0219te, cur\u0103\u021benie \u0219i respect pentru oaspe\u021bi<\/p>\t\t\t\t\t\t\t\t<\/div>\n\t\t\t\t<div class=\"elementor-element elementor-element-11c2cbff elementor-widget elementor-widget-heading\" data-id=\"11c2cbff\" data-element_type=\"widget\" data-e-type=\"widget\" data-widget_type=\"heading.default\">\n\t\t\t\t\t<h2 class=\"elementor-heading-title elementor-size-default\">Ce ne define\u0219te<\/h2>\t\t\t\t<\/div>\n\t\t\t\t<div class=\"elementor-element elementor-element-62f36958 elementor-widget elementor-widget-text-editor\" data-id=\"62f36958\" data-element_type=\"widget\" data-e-type=\"widget\" data-widget_type=\"text-editor.default\">\n\t\t\t\t\t\t\t\t\t<p>Pensiunea Casa Timar este mai mult dec\u00e2t un loc de cazare \u2013 este un refugiu \u00een care calm, cur\u0103\u021benie \u0219i seriozitate se \u00eembin\u0103 pentru a crea o experien\u021b\u0103 autentic\u0103 de odihn\u0103.<\/p>\t\t\t\t\t\t\t\t<\/div>\n\t\t<div class=\"elementor-element elementor-element-4ea18a4a e-con-full e-flex e-con e-child\" data-id=\"4ea18a4a\" data-element_type=\"container\" data-e-type=\"container\">\n\t\t<div class=\"elementor-element elementor-element-5b1d4779 e-con-full e-flex e-con e-child\" data-id=\"5b1d4779\" data-element_type=\"container\" data-e-type=\"container\" data-settings=\"{&quot;background_background&quot;:&quot;classic&quot;}\">\n\t\t\t\t<div class=\"elementor-element elementor-element-9e3b3ad elementor-view-stacked elementor-shape-circle elementor-position-block-start elementor-mobile-position-block-start elementor-widget elementor-widget-icon-box\" data-id=\"9e3b3ad\" data-element_type=\"widget\" data-e-type=\"widget\" data-widget_type=\"icon-box.default\">\n\t\t\t\t\t\t\t<div class=\"elementor-icon-box-wrapper\">\n\n\t\t\t\t\t\t<div class=\"elementor-icon-box-icon\">\n\t\t\t\t<span  class=\"elementor-icon\">\n\t\t\t\t<svg class=\"ekit-svg-icon icon-volume-high\" viewBox=\"0 0 32 32\" xmlns=\"http:\/\/www.w3.org\/2000\/svg\"><path d=\"M21.845 23.809c-0.232 0-0.463-0.101-0.621-0.295-0.279-0.343-0.227-0.847 0.116-1.125 1.691-1.375 2.66-3.412 2.66-5.588s-0.97-4.213-2.66-5.589c-0.343-0.279-0.395-0.783-0.116-1.125s0.783-0.395 1.125-0.116c2.066 1.68 3.25 4.17 3.25 6.83s-1.185 5.149-3.25 6.83c-0.148 0.121-0.327 0.179-0.504 0.179zM24.872 27.535c-0.232 0-0.463-0.101-0.621-0.295-0.279-0.343-0.227-0.847 0.116-1.125 2.817-2.292 4.433-5.687 4.433-9.314s-1.616-7.022-4.433-9.314c-0.343-0.279-0.395-0.783-0.116-1.125s0.783-0.395 1.125-0.116c3.192 2.597 5.023 6.444 5.023 10.555s-1.831 7.958-5.023 10.555c-0.148 0.121-0.327 0.179-0.504 0.179zM18.818 20.084c-0.232 0-0.463-0.101-0.621-0.295-0.279-0.343-0.227-0.847 0.116-1.125 0.564-0.459 0.887-1.137 0.887-1.863s-0.323-1.405-0.887-1.863c-0.343-0.279-0.395-0.783-0.116-1.125s0.783-0.395 1.125-0.116c0.939 0.764 1.477 1.895 1.477 3.104s-0.538 2.341-1.477 3.104c-0.148 0.121-0.327 0.179-0.504 0.179zM13.040 5.132c-0.395 0-0.791 0.167-1.178 0.495l-6.557 5.573h-2.906c-1.323 0-2.4 1.077-2.4 2.4v6.4c0 1.323 1.077 2.4 2.4 2.4h2.906l6.557 5.573c0.386 0.328 0.783 0.495 1.178 0.495 0 0 0 0 0 0 0.435 0 0.826-0.211 1.072-0.58 0.191-0.287 0.288-0.653 0.288-1.089v-20c0-1.152-0.683-1.668-1.36-1.668zM1.6 20v-6.4c0-0.441 0.359-0.8 0.8-0.8h2.4v8h-2.4c-0.441 0-0.8-0.359-0.8-0.8zM12.8 26.67l-6.4-5.44v-8.86l6.4-5.44v19.74z\"><\/path><\/svg>\t\t\t\t<\/span>\n\t\t\t<\/div>\n\t\t\t\n\t\t\t\t\t\t<div class=\"elementor-icon-box-content\">\n\n\t\t\t\t\t\t\t\t\t<h3 class=\"elementor-icon-box-title\">\n\t\t\t\t\t\t<span  >\n\t\t\t\t\t\t\tLini\u0219te\t\t\t\t\t\t<\/span>\n\t\t\t\t\t<\/h3>\n\t\t\t\t\n\t\t\t\t\t\t\t\t\t<p class=\"elementor-icon-box-description\">\n\t\t\t\t\t\tZon\u0103 reziden\u021bial\u0103 calm\u0103, departe de zgomotul ora\u0219ului\t\t\t\t\t<\/p>\n\t\t\t\t\n\t\t\t<\/div>\n\t\t\t\n\t\t<\/div>\n\t\t\t\t\t\t<\/div>\n\t\t\t\t<\/div>\n\t\t<div class=\"elementor-element elementor-element-15320cc6 e-con-full e-flex e-con e-child\" data-id=\"15320cc6\" data-element_type=\"container\" data-e-type=\"container\" data-settings=\"{&quot;background_background&quot;:&quot;classic&quot;}\">\n\t\t\t\t<div class=\"elementor-element elementor-element-2cd5418 elementor-view-stacked elementor-shape-circle elementor-position-block-start elementor-mobile-position-block-start elementor-widget elementor-widget-icon-box\" data-id=\"2cd5418\" data-element_type=\"widget\" data-e-type=\"widget\" data-widget_type=\"icon-box.default\">\n\t\t\t\t\t\t\t<div class=\"elementor-icon-box-wrapper\">\n\n\t\t\t\t\t\t<div class=\"elementor-icon-box-icon\">\n\t\t\t\t<span  class=\"elementor-icon\">\n\t\t\t\t<svg aria-hidden=\"true\" class=\"e-font-icon-svg e-fas-star-of-david\" viewBox=\"0 0 464 512\" xmlns=\"http:\/\/www.w3.org\/2000\/svg\"><path d=\"M405.68 256l53.21-89.39C473.3 142.4 455.48 112 426.88 112H319.96l-55.95-93.98C256.86 6.01 244.43 0 232 0s-24.86 6.01-32.01 18.02L144.04 112H37.11c-28.6 0-46.42 30.4-32.01 54.61L58.32 256 5.1 345.39C-9.31 369.6 8.51 400 37.11 400h106.93l55.95 93.98C207.14 505.99 219.57 512 232 512s24.86-6.01 32.01-18.02L319.96 400h106.93c28.6 0 46.42-30.4 32.01-54.61L405.68 256zm-12.78-88l-19.8 33.26L353.3 168h39.6zm-52.39 88l-52.39 88H175.88l-52.39-88 52.38-88h112.25l52.39 88zM232 73.72L254.79 112h-45.57L232 73.72zM71.1 168h39.6l-19.8 33.26L71.1 168zm0 176l19.8-33.26L110.7 344H71.1zM232 438.28L209.21 400h45.57L232 438.28zM353.29 344l19.8-33.26L392.9 344h-39.61z\"><\/path><\/svg>\t\t\t\t<\/span>\n\t\t\t<\/div>\n\t\t\t\n\t\t\t\t\t\t<div class=\"elementor-icon-box-content\">\n\n\t\t\t\t\t\t\t\t\t<h3 class=\"elementor-icon-box-title\">\n\t\t\t\t\t\t<span  >\n\t\t\t\t\t\t\tCur\u0103\u021benie\t\t\t\t\t\t<\/span>\n\t\t\t\t\t<\/h3>\n\t\t\t\t\n\t\t\t\t\t\t\t\t\t<p class=\"elementor-icon-box-description\">\n\t\t\t\t\t\tStandard ridicat de cur\u0103\u021benie \u00een toate camerele \u0219i spa\u021biile comune\t\t\t\t\t<\/p>\n\t\t\t\t\n\t\t\t<\/div>\n\t\t\t\n\t\t<\/div>\n\t\t\t\t\t\t<\/div>\n\t\t\t\t<\/div>\n\t\t<div class=\"elementor-element elementor-element-738a9873 e-con-full e-flex e-con e-child\" data-id=\"738a9873\" data-element_type=\"container\" data-e-type=\"container\" data-settings=\"{&quot;background_background&quot;:&quot;classic&quot;}\">\n\t\t\t\t<div class=\"elementor-element elementor-element-70a3f860 elementor-view-stacked elementor-shape-circle elementor-position-block-start elementor-mobile-position-block-start elementor-widget elementor-widget-icon-box\" data-id=\"70a3f860\" data-element_type=\"widget\" data-e-type=\"widget\" data-widget_type=\"icon-box.default\">\n\t\t\t\t\t\t\t<div class=\"elementor-icon-box-wrapper\">\n\n\t\t\t\t\t\t<div class=\"elementor-icon-box-icon\">\n\t\t\t\t<span  class=\"elementor-icon\">\n\t\t\t\t<svg class=\"ekit-svg-icon icon-shield11\" viewBox=\"0 0 32 32\" xmlns=\"http:\/\/www.w3.org\/2000\/svg\"><path d=\"M27.652 3.651l-10.416-3.072c-0.809-0.239-1.664-0.239-2.473 0l-10.416 3.072c-0.769 0.227-1.306 0.945-1.306 1.747v8.626c0 3.992 1.188 7.836 3.437 11.116 2.195 3.203 5.249 5.667 8.833 7.125 0.222 0.090 0.455 0.136 0.689 0.136s0.466-0.045 0.688-0.136c3.584-1.458 6.638-3.922 8.833-7.125 2.248-3.28 3.436-7.124 3.436-11.116v-8.626c0-0.802-0.537-1.52-1.306-1.747zM27.501 14.023c0 3.697-1.1 7.256-3.181 10.293-2.033 2.967-4.862 5.249-8.181 6.599-0.090 0.037-0.189 0.037-0.279 0-3.319-1.351-6.148-3.633-8.181-6.599-2.081-3.037-3.181-6.596-3.181-10.293v-8.626c0-0.16 0.107-0.304 0.261-0.349l10.416-3.072c0.27-0.080 0.547-0.119 0.824-0.119s0.555 0.040 0.824 0.119l10.416 3.072c0.154 0.045 0.261 0.189 0.261 0.349v8.626zM24.072 6.872l-7.763-2.289c-0.202-0.060-0.416-0.060-0.618 0l-7.763 2.289c-0.461 0.136-0.784 0.567-0.784 1.048v6.103c0 3.225 0.975 6.318 2.821 8.945 1.431 2.037 3.343 3.719 5.529 4.864 0.158 0.083 0.332 0.124 0.506 0.124s0.348-0.041 0.506-0.124c2.186-1.145 4.098-2.827 5.529-4.864 1.845-2.627 2.821-5.72 2.821-8.945v-6.103c-0-0.481-0.322-0.912-0.784-1.048zM23.399 14.023c0 2.924-0.884 5.727-2.556 8.108-1.261 1.795-2.932 3.285-4.843 4.32-1.911-1.035-3.582-2.525-4.843-4.32-1.672-2.381-2.556-5.184-2.556-8.108v-5.831l7.399-2.182 7.399 2.182v5.831z\"><\/path><\/svg>\t\t\t\t<\/span>\n\t\t\t<\/div>\n\t\t\t\n\t\t\t\t\t\t<div class=\"elementor-icon-box-content\">\n\n\t\t\t\t\t\t\t\t\t<h3 class=\"elementor-icon-box-title\">\n\t\t\t\t\t\t<span  >\n\t\t\t\t\t\t\tSeriozitate\t\t\t\t\t\t<\/span>\n\t\t\t\t\t<\/h3>\n\t\t\t\t\n\t\t\t\t\t\t\t\t\t<p class=\"elementor-icon-box-description\">\n\t\t\t\t\t\tProfesionalism \u00een toate interac\u021biunile cu oaspe\u021bii no\u0219tri\n\n\t\t\t\t\t<\/p>\n\t\t\t\t\n\t\t\t<\/div>\n\t\t\t\n\t\t<\/div>\n\t\t\t\t\t\t<\/div>\n\t\t\t\t<\/div>\n\t\t\t\t<\/div>\n\t\t<div class=\"elementor-element elementor-element-2b1724ab e-con-full e-flex e-con e-child\" data-id=\"2b1724ab\" data-element_type=\"container\" data-e-type=\"container\">\n\t\t<div class=\"elementor-element elementor-element-68e8e820 e-con-full e-flex e-con e-child\" data-id=\"68e8e820\" data-element_type=\"container\" data-e-type=\"container\" data-settings=\"{&quot;background_background&quot;:&quot;classic&quot;}\">\n\t\t\t\t<div class=\"elementor-element elementor-element-21cbc58d elementor-view-stacked elementor-shape-circle elementor-position-block-start elementor-mobile-position-block-start elementor-widget elementor-widget-icon-box\" data-id=\"21cbc58d\" data-element_type=\"widget\" data-e-type=\"widget\" data-widget_type=\"icon-box.default\">\n\t\t\t\t\t\t\t<div class=\"elementor-icon-box-wrapper\">\n\n\t\t\t\t\t\t<div class=\"elementor-icon-box-icon\">\n\t\t\t\t<span  class=\"elementor-icon\">\n\t\t\t\t<svg aria-hidden=\"true\" class=\"e-font-icon-svg e-far-star\" viewBox=\"0 0 576 512\" xmlns=\"http:\/\/www.w3.org\/2000\/svg\"><path d=\"M528.1 171.5L382 150.2 316.7 17.8c-11.7-23.6-45.6-23.9-57.4 0L194 150.2 47.9 171.5c-26.2 3.8-36.7 36.1-17.7 54.6l105.7 103-25 145.5c-4.5 26.3 23.2 46 46.4 33.7L288 439.6l130.7 68.7c23.2 12.2 50.9-7.4 46.4-33.7l-25-145.5 105.7-103c19-18.5 8.5-50.8-17.7-54.6zM388.6 312.3l23.7 138.4L288 385.4l-124.3 65.3 23.7-138.4-100.6-98 139-20.2 62.2-126 62.2 126 139 20.2-100.6 98z\"><\/path><\/svg>\t\t\t\t<\/span>\n\t\t\t<\/div>\n\t\t\t\n\t\t\t\t\t\t<div class=\"elementor-icon-box-content\">\n\n\t\t\t\t\t\t\t\t\t<h3 class=\"elementor-icon-box-title\">\n\t\t\t\t\t\t<span  >\n\t\t\t\t\t\t\tRaport calitate-pre\u021b\t\t\t\t\t\t<\/span>\n\t\t\t\t\t<\/h3>\n\t\t\t\t\n\t\t\t\t\t\t\t\t\t<p class=\"elementor-icon-box-description\">\n\t\t\t\t\t\tTarife competitive pentru servicii de calitate superioar\u0103\n\n\t\t\t\t\t<\/p>\n\t\t\t\t\n\t\t\t<\/div>\n\t\t\t\n\t\t<\/div>\n\t\t\t\t\t\t<\/div>\n\t\t\t\t<\/div>\n\t\t<div class=\"elementor-element elementor-element-b436680 e-con-full e-flex e-con e-child\" data-id=\"b436680\" data-element_type=\"container\" data-e-type=\"container\" data-settings=\"{&quot;background_background&quot;:&quot;classic&quot;}\">\n\t\t\t\t<div class=\"elementor-element elementor-element-1c473370 elementor-view-stacked elementor-shape-circle elementor-position-block-start elementor-mobile-position-block-start elementor-widget elementor-widget-icon-box\" data-id=\"1c473370\" data-element_type=\"widget\" data-e-type=\"widget\" data-widget_type=\"icon-box.default\">\n\t\t\t\t\t\t\t<div class=\"elementor-icon-box-wrapper\">\n\n\t\t\t\t\t\t<div class=\"elementor-icon-box-icon\">\n\t\t\t\t<span  class=\"elementor-icon\">\n\t\t\t\t<svg aria-hidden=\"true\" class=\"e-font-icon-svg e-far-heart\" viewBox=\"0 0 512 512\" xmlns=\"http:\/\/www.w3.org\/2000\/svg\"><path d=\"M458.4 64.3C400.6 15.7 311.3 23 256 79.3 200.7 23 111.4 15.6 53.6 64.3-21.6 127.6-10.6 230.8 43 285.5l175.4 178.7c10 10.2 23.4 15.9 37.6 15.9 14.3 0 27.6-5.6 37.6-15.8L469 285.6c53.5-54.7 64.7-157.9-10.6-221.3zm-23.6 187.5L259.4 430.5c-2.4 2.4-4.4 2.4-6.8 0L77.2 251.8c-36.5-37.2-43.9-107.6 7.3-150.7 38.9-32.7 98.9-27.8 136.5 10.5l35 35.7 35-35.7c37.8-38.5 97.8-43.2 136.5-10.6 51.1 43.1 43.5 113.9 7.3 150.8z\"><\/path><\/svg>\t\t\t\t<\/span>\n\t\t\t<\/div>\n\t\t\t\n\t\t\t\t\t\t<div class=\"elementor-icon-box-content\">\n\n\t\t\t\t\t\t\t\t\t<h3 class=\"elementor-icon-box-title\">\n\t\t\t\t\t\t<span  >\n\t\t\t\t\t\t\tAtmosfer\u0103 intim\u0103\t\t\t\t\t\t<\/span>\n\t\t\t\t\t<\/h3>\n\t\t\t\t\n\t\t\t\t\t\t\t\t\t<p class=\"elementor-icon-box-description\">\n\t\t\t\t\t\tCadru familial, primitor \u0219i personal\n\n\t\t\t\t\t<\/p>\n\t\t\t\t\n\t\t\t<\/div>\n\t\t\t\n\t\t<\/div>\n\t\t\t\t\t\t<\/div>\n\t\t\t\t<\/div>\n\t\t<div class=\"elementor-element elementor-element-61b2a079 e-con-full e-flex e-con e-child\" data-id=\"61b2a079\" data-element_type=\"container\" data-e-type=\"container\" data-settings=\"{&quot;background_background&quot;:&quot;classic&quot;}\">\n\t\t\t\t<\/div>\n\t\t\t\t<\/div>\n\t\t\t\t<div class=\"elementor-element elementor-element-2e545ae3 elementor-widget elementor-widget-spacer\" data-id=\"2e545ae3\" data-element_type=\"widget\" data-e-type=\"widget\" data-widget_type=\"spacer.default\">\n\t\t\t\t\t\t\t<div class=\"elementor-spacer\">\n\t\t\t<div class=\"elementor-spacer-inner\"><\/div>\n\t\t<\/div>\n\t\t\t\t\t\t<\/div>\n\t\t\t\t<div class=\"elementor-element elementor-element-5feecdcf elementor-widget elementor-widget-heading\" data-id=\"5feecdcf\" data-element_type=\"widget\" data-e-type=\"widget\" data-widget_type=\"heading.default\">\n\t\t\t\t\t<h2 class=\"elementor-heading-title elementor-size-default\">O evolu\u021bie construit\u0103 \u00een timp<\/h2>\t\t\t\t<\/div>\n\t\t\t\t<div class=\"elementor-element elementor-element-1b7af145 elementor-widget elementor-widget-text-editor\" data-id=\"1b7af145\" data-element_type=\"widget\" data-e-type=\"widget\" data-widget_type=\"text-editor.default\">\n\t\t\t\t\t\t\t\t\t<p class=\"text-lg text-[#666666] leading-relaxed mb-6\">De-a lungul anilor, am construit o reputa\u021bie solid\u0103 bazat\u0103 pe feedback-ul constant al oaspe\u021bilor no\u0219tri. Scorul nostru de 9.5 pe Booking.com nu este \u00eent\u00e2mpl\u0103tor \u2013 este rezultatul unei munci consecvente \u0219i a aten\u021biei pentru fiecare detaliu.<\/p><p class=\"text-lg text-[#666666] leading-relaxed\">Fiecare camer\u0103 a fost g\u00e2ndit\u0103 cu grij\u0103, fiecare spa\u021biu comun a fost amenajat pentru a oferi confort \u0219i lini\u0219te. Credem c\u0103 oaspe\u021bii no\u0219tri merit\u0103 mai mult dec\u00e2t o simpl\u0103 cazare \u2013 merit\u0103 o experien\u021b\u0103 memorabil\u0103.<\/p>\t\t\t\t\t\t\t\t<\/div>\n\t\t\t\t<div class=\"elementor-element elementor-element-2149d24d elementor-widget elementor-widget-spacer\" data-id=\"2149d24d\" data-element_type=\"widget\" data-e-type=\"widget\" data-widget_type=\"spacer.default\">\n\t\t\t\t\t\t\t<div class=\"elementor-spacer\">\n\t\t\t<div class=\"elementor-spacer-inner\"><\/div>\n\t\t<\/div>\n\t\t\t\t\t\t<\/div>\n\t\t\t\t<div class=\"elementor-element elementor-element-4ffec4a3 elementor-widget elementor-widget-heading\" data-id=\"4ffec4a3\" data-element_type=\"widget\" data-e-type=\"widget\" data-widget_type=\"heading.default\">\n\t\t\t\t\t<h2 class=\"elementor-heading-title elementor-size-default\">De ce aceast\u0103 loca\u021bie<\/h2>\t\t\t\t<\/div>\n\t\t\t\t<div class=\"elementor-element elementor-element-2e6ab5fe elementor-widget elementor-widget-text-editor\" data-id=\"2e6ab5fe\" data-element_type=\"widget\" data-e-type=\"widget\" data-widget_type=\"text-editor.default\">\n\t\t\t\t\t\t\t\t\t<p class=\"text-lg text-[#666666] leading-relaxed mb-6\">Situat\u0103 la 7-10 minute de centrul istoric al Bra\u0219ovului, pensiunea noastr\u0103 ofer\u0103 echilibrul perfect \u00eentre accesibilitate \u0219i lini\u0219te. E\u0219ti suficient de aproape pentru a explora ora\u0219ul \u00een ritm propriu, dar suficient de departe pentru a te bucura de calm \u0219i relaxare la \u00eentoarcere.<\/p><p class=\"text-lg text-[#666666] leading-relaxed\">Zona reziden\u021bial\u0103 \u00een care ne afl\u0103m garanteaz\u0103 un somn odihnitor, departe de agita\u021bia centrului, dar cu acces rapid la toate obiectivele turistice importante.<\/p>\t\t\t\t\t\t\t\t<\/div>\n\t\t<div class=\"elementor-element elementor-element-42b8c197 e-con-full e-flex e-con e-child\" data-id=\"42b8c197\" data-element_type=\"container\" data-e-type=\"container\" data-settings=\"{&quot;background_background&quot;:&quot;classic&quot;}\">\n\t\t\t\t<div class=\"elementor-element elementor-element-391aa495 elementor-widget elementor-widget-heading\" data-id=\"391aa495\" data-element_type=\"widget\" data-e-type=\"widget\" data-widget_type=\"heading.default\">\n\t\t\t\t\t<h2 class=\"elementor-heading-title elementor-size-default\">Grij\u0103 pentru detalii, nu cantitate<\/h2>\t\t\t\t<\/div>\n\t\t\t\t<div class=\"elementor-element elementor-element-6c19e7a6 elementor-widget elementor-widget-text-editor\" data-id=\"6c19e7a6\" data-element_type=\"widget\" data-e-type=\"widget\" data-widget_type=\"text-editor.default\">\n\t\t\t\t\t\t\t\t\t<p class=\"text-lg text-[#666666] leading-relaxed mb-6\">Cu doar 5 tipuri de camere, putem oferi aten\u021bie personalizat\u0103 fiec\u0103rui oaspete. Nu ne-am dorit o pensiune mare, impersonal\u0103, ci un loc \u00een care fiecare vizitator s\u0103 se simt\u0103 ca acas\u0103.<\/p><p class=\"text-lg text-[#666666] leading-relaxed\">Fiecare camer\u0103 are personalitatea ei, fiecare spa\u021biu a fost g\u00e2ndit cu grij\u0103. Aceast\u0103 abordare ne permite s\u0103 men\u021binem standardele ridicate de cur\u0103\u021benie \u0219i confort care ne-au adus renumele de ast\u0103zi.<\/p>\t\t\t\t\t\t\t\t<\/div>\n\t\t\t\t<\/div>\n\t\t\t\t<div class=\"elementor-element elementor-element-4b418f35 elementor-widget elementor-widget-spacer\" data-id=\"4b418f35\" data-element_type=\"widget\" data-e-type=\"widget\" data-widget_type=\"spacer.default\">\n\t\t\t\t\t\t\t<div class=\"elementor-spacer\">\n\t\t\t<div class=\"elementor-spacer-inner\"><\/div>\n\t\t<\/div>\n\t\t\t\t\t\t<\/div>\n\t\t<div class=\"elementor-element elementor-element-8099938 e-con-full e-flex e-con e-child\" data-id=\"8099938\" data-element_type=\"container\" data-e-type=\"container\" data-settings=\"{&quot;background_background&quot;:&quot;classic&quot;}\">\n\t\t\t\t<div class=\"elementor-element elementor-element-73b1ca65 elementor-view-default elementor-position-block-start elementor-mobile-position-block-start elementor-widget elementor-widget-icon-box\" data-id=\"73b1ca65\" data-element_type=\"widget\" data-e-type=\"widget\" data-widget_type=\"icon-box.default\">\n\t\t\t\t\t\t\t<div class=\"elementor-icon-box-wrapper\">\n\n\t\t\t\t\t\t<div class=\"elementor-icon-box-icon\">\n\t\t\t\t<span  class=\"elementor-icon\">\n\t\t\t\t<svg aria-hidden=\"true\" class=\"e-font-icon-svg e-fas-user-friends\" viewBox=\"0 0 640 512\" xmlns=\"http:\/\/www.w3.org\/2000\/svg\"><path d=\"M192 256c61.9 0 112-50.1 112-112S253.9 32 192 32 80 82.1 80 144s50.1 112 112 112zm76.8 32h-8.3c-20.8 10-43.9 16-68.5 16s-47.6-6-68.5-16h-8.3C51.6 288 0 339.6 0 403.2V432c0 26.5 21.5 48 48 48h288c26.5 0 48-21.5 48-48v-28.8c0-63.6-51.6-115.2-115.2-115.2zM480 256c53 0 96-43 96-96s-43-96-96-96-96 43-96 96 43 96 96 96zm48 32h-3.8c-13.9 4.8-28.6 8-44.2 8s-30.3-3.2-44.2-8H432c-20.4 0-39.2 5.9-55.7 15.4 24.4 26.3 39.7 61.2 39.7 99.8v38.4c0 2.2-.5 4.3-.6 6.4H592c26.5 0 48-21.5 48-48 0-61.9-50.1-112-112-112z\"><\/path><\/svg>\t\t\t\t<\/span>\n\t\t\t<\/div>\n\t\t\t\n\t\t\t\t\t\t<div class=\"elementor-icon-box-content\">\n\n\t\t\t\t\t\t\t\t\t<h3 class=\"elementor-icon-box-title\">\n\t\t\t\t\t\t<span  >\n\t\t\t\t\t\t\tLa Casa Timar, conteaz\u0103 oamenii\t\t\t\t\t\t<\/span>\n\t\t\t\t\t<\/h3>\n\t\t\t\t\n\t\t\t\t\t\t\t\t\t<p class=\"elementor-icon-box-description\">\n\t\t\t\t\t\tNu oferim doar camere \u2013 oferim respect, aten\u021bie \u0219i confort autentic. Te a\u0219tept\u0103m s\u0103 <br>descoperi diferen\u021ba unei caz\u0103ri cu suflet, \u00eentr-un loc unde detaliile conteaz\u0103 \u0219i unde <br>fiecare oaspete este tratat cu grij\u0103.\t\t\t\t\t<\/p>\n\t\t\t\t\n\t\t\t<\/div>\n\t\t\t\n\t\t<\/div>\n\t\t\t\t\t\t<\/div>\n\t\t\t\t<\/div>\n\t\t\t\t\t<\/div>\n\t\t\t\t<\/div>\n\t\t\t\t<\/div>\n\t\t","protected":false},"excerpt":{"rendered":"<p>Despre noi \u2013 Pensiunea Casa Timar Bra\u0219ov O poveste despre lini\u0219te, cur\u0103\u021benie \u0219i respect pentru oaspe\u021bi Ce ne define\u0219te Pensiunea Casa Timar este mai mult dec\u00e2t un loc de cazare \u2013 este un refugiu \u00een care calm, cur\u0103\u021benie \u0219i seriozitate se \u00eembin\u0103 pentru a crea o experien\u021b\u0103 autentic\u0103 de odihn\u0103. Lini\u0219te Zon\u0103 reziden\u021bial\u0103 calm\u0103, departe&#8230;<\/p>","protected":false},"author":1,"featured_media":0,"parent":0,"menu_order":0,"comment_status":"closed","ping_status":"closed","template":"elementor_header_footer","meta":{"_kad_post_transparent":"","_kad_post_title":"","_kad_post_layout":"","_kad_post_sidebar_id":"","_kad_post_content_style":"","_kad_post_vertical_padding":"","_kad_post_feature":"","_kad_post_feature_position":"","_kad_post_header":false,"_kad_post_footer":false,"_kad_post_classname":"","footnotes":""},"class_list":["post-60","page","type-page","status-publish","hentry"],"_links":{"self":[{"href":"https:\/\/cazarepensiunibrasov.ro\/en\/wp-json\/wp\/v2\/pages\/60","targetHints":{"allow":["GET"]}}],"collection":[{"href":"https:\/\/cazarepensiunibrasov.ro\/en\/wp-json\/wp\/v2\/pages"}],"about":[{"href":"https:\/\/cazarepensiunibrasov.ro\/en\/wp-json\/wp\/v2\/types\/page"}],"author":[{"embeddable":true,"href":"https:\/\/cazarepensiunibrasov.ro\/en\/wp-json\/wp\/v2\/users\/1"}],"replies":[{"embeddable":true,"href":"https:\/\/cazarepensiunibrasov.ro\/en\/wp-json\/wp\/v2\/comments?post=60"}],"version-history":[{"count":3,"href":"https:\/\/cazarepensiunibrasov.ro\/en\/wp-json\/wp\/v2\/pages\/60\/revisions"}],"predecessor-version":[{"id":1073,"href":"https:\/\/cazarepensiunibrasov.ro\/en\/wp-json\/wp\/v2\/pages\/60\/revisions\/1073"}],"wp:attachment":[{"href":"https:\/\/cazarepensiunibrasov.ro\/en\/wp-json\/wp\/v2\/media?parent=60"}],"curies":[{"name":"wp","href":"https:\/\/api.w.org\/{rel}","templated":true}]}}