{"id":14,"date":"2026-02-25T01:02:34","date_gmt":"2026-02-24T23:02:34","guid":{"rendered":"https:\/\/casatimar.ro\/politica-de-cookie\/"},"modified":"2026-02-25T01:03:17","modified_gmt":"2026-02-24T23:03:17","slug":"politica-de-cookie","status":"publish","type":"page","link":"https:\/\/cazarepensiunibrasov.ro\/en\/politica-de-cookie\/","title":{"rendered":"Politica de Cookie"},"content":{"rendered":"\t\t<div data-elementor-type=\"wp-page\" data-elementor-id=\"14\" class=\"elementor elementor-14\" data-elementor-post-type=\"page\">\n\t\t\t\t<div class=\"elementor-element elementor-element-fca63a9 e-flex e-con-boxed e-con e-parent\" data-id=\"fca63a9\" data-element_type=\"container\" data-e-type=\"container\">\n\t\t\t\t\t<div class=\"e-con-inner\">\n\t\t\t\t<div class=\"elementor-element elementor-element-62e2d8c2 elementor-widget elementor-widget-heading\" data-id=\"62e2d8c2\" data-element_type=\"widget\" data-e-type=\"widget\" data-widget_type=\"heading.default\">\n\t\t\t\t\t<h1 class=\"elementor-heading-title elementor-size-default\">Politica de Cookie<\/h1>\t\t\t\t<\/div>\n\t\t\t\t<div class=\"elementor-element elementor-element-34f0e858 elementor-widget elementor-widget-spacer\" data-id=\"34f0e858\" data-element_type=\"widget\" data-e-type=\"widget\" data-widget_type=\"spacer.default\">\n\t\t\t\t\t\t\t<div class=\"elementor-spacer\">\n\t\t\t<div class=\"elementor-spacer-inner\"><\/div>\n\t\t<\/div>\n\t\t\t\t\t\t<\/div>\n\t\t\t\t<div class=\"elementor-element elementor-element-58391d08 elementor-widget elementor-widget-text-editor\" data-id=\"58391d08\" data-element_type=\"widget\" data-e-type=\"widget\" data-widget_type=\"text-editor.default\">\n\t\t\t\t\t\t\t\t\t<section class=\"mb-8\"><h2 class=\"text-2xl font-bold text-[#2C5F4E] mb-4\">Ce sunt cookie-urile?<\/h2><p class=\"leading-relaxed\">Cookie-urile sunt fi\u0219iere text de mici dimensiuni care sunt stocate pe dispozitivul dumneavoastr\u0103 (computer, tablet\u0103 sau telefon mobil) atunci c\u00e2nd vizita\u021bi un site web. Acestea permit site-ului s\u0103 v\u0103 recunoasc\u0103 dispozitivul \u0219i s\u0103 re\u021bin\u0103 anumite informa\u021bii despre preferin\u021bele sau ac\u021biunile dumneavoastr\u0103 anterioare.<\/p><\/section><section class=\"mb-8\"><h2 class=\"text-2xl font-bold text-[#2C5F4E] mb-4\">Ce tipuri de cookie-uri folosim?<\/h2><div class=\"space-y-4\"><div><h3 class=\"text-xl font-semibold text-[#2C5F4E] mb-2\">Cookie-uri strict necesare<\/h3><p class=\"leading-relaxed\">Aceste cookie-uri sunt esen\u021biale pentru func\u021bionarea corect\u0103 a site-ului nostru. Ele v\u0103 permit s\u0103 naviga\u021bi pe site \u0219i s\u0103 utiliza\u021bi func\u021biile sale. F\u0103r\u0103 aceste cookie-uri, serviciile pe care le-a\u021bi solicitat nu pot fi furnizate.<\/p><\/div><div><h3 class=\"text-xl font-semibold text-[#2C5F4E] mb-2\">Cookie-uri analitice<\/h3><p class=\"leading-relaxed\">Aceste cookie-uri ne ajut\u0103 s\u0103 \u00een\u021belegem cum interactioneaz\u0103 vizitatorii cu site-ul nostru, colect\u00e2nd \u0219i raport\u00e2nd informa\u021bii \u00een mod anonim. Acestea ne permit s\u0103 \u00eembun\u0103t\u0103\u021bim modul \u00een care func\u021bioneaz\u0103 site-ul.<\/p><\/div><div><h3 class=\"text-xl font-semibold text-[#2C5F4E] mb-2\">Cookie-uri de marketing<\/h3><p class=\"leading-relaxed\">Aceste cookie-uri sunt folosite pentru a v\u0103 afi\u0219a reclame relevante pentru dumneavoastr\u0103. Ele ne ajut\u0103, de asemenea, s\u0103 m\u0103sur\u0103m eficacitatea campaniilor publicitare.<\/p><\/div><\/div><\/section><section class=\"mb-8\"><h2 class=\"text-2xl font-bold text-[#2C5F4E] mb-4\">Cum pute\u021bi gestiona cookie-urile?<\/h2><p class=\"leading-relaxed mb-3\">Pute\u021bi controla \u0219i\/sau \u0219terge cookie-urile dup\u0103 cum dori\u021bi. Pute\u021bi \u0219terge toate cookie-urile care sunt deja pe computerul dumneavoastr\u0103 \u0219i pute\u021bi seta majoritatea browserelor s\u0103 \u00eempiedice plasarea acestora.<\/p><p class=\"leading-relaxed\">Dac\u0103 face\u021bi acest lucru, este posibil s\u0103 trebuiasc\u0103 s\u0103 ajusta\u021bi manual unele preferin\u021be de fiecare dat\u0103 c\u00e2nd vizita\u021bi un site \u0219i este posibil ca unele servicii \u0219i func\u021bii s\u0103 nu func\u021bioneze.<\/p><\/section><section class=\"mb-8\"><h2 class=\"text-2xl font-bold text-[#2C5F4E] mb-4\">Gestionarea preferin\u021belor<\/h2><p class=\"leading-relaxed\">Pute\u021bi gestiona preferin\u021bele dumneavoastr\u0103 privind cookie-urile prin banner-ul de consim\u021b\u0103m\u00e2nt afi\u0219at la prima vizit\u0103 pe site-ul nostru. De asemenea, pute\u021bi accesa set\u0103rile cookie-urilor oric\u00e2nd pentru a v\u0103 actualiza preferin\u021bele.<\/p><\/section><section class=\"mb-8\"><h2 class=\"text-2xl font-bold text-[#2C5F4E] mb-4\">Perioada de stocare<\/h2><p class=\"leading-relaxed\">Cookie-urile noastre au perioade diferite de stocare:<\/p><ul class=\"list-disc pl-6 space-y-2 mt-3\"><li>Cookie-uri de sesiune: expir\u0103 c\u00e2nd \u00eenchide\u021bi browser-ul<\/li><li>Cookie-uri persistente: r\u0103m\u00e2n pe dispozitivul dumneavoastr\u0103 pentru o perioad\u0103 predeterminat\u0103<\/li><\/ul><\/section><section class=\"mb-8\"><h2 class=\"text-2xl font-bold text-[#2C5F4E] mb-4\">Contact<\/h2><p class=\"leading-relaxed\">Pentru orice \u00eentreb\u0103ri legate de utilizarea cookie-urilor pe site-ul nostru, v\u0103 rug\u0103m s\u0103 ne contacta\u021bi:<\/p><ul class=\"list-none pl-0 space-y-2 mt-3\"><li>Telefon: +40749174496 \/ +40749174496<\/li><li>Operator: SC TOTAL LIP SRL<\/li><\/ul><\/section><p class=\"leading-relaxed mt-8\"><strong>Data ultimei actualiz\u0103ri: 12 februarie 2026<\/strong><\/p>\t\t\t\t\t\t\t\t<\/div>\n\t\t\t\t\t<\/div>\n\t\t\t\t<\/div>\n\t\t\t\t<\/div>\n\t\t","protected":false},"excerpt":{"rendered":"<p>Politica de Cookie Ce sunt cookie-urile? Cookie-urile sunt fi\u0219iere text de mici dimensiuni care sunt stocate pe dispozitivul dumneavoastr\u0103 (computer, tablet\u0103 sau telefon mobil) atunci c\u00e2nd vizita\u021bi un site web. Acestea permit site-ului s\u0103 v\u0103 recunoasc\u0103 dispozitivul \u0219i s\u0103 re\u021bin\u0103 anumite informa\u021bii despre preferin\u021bele sau ac\u021biunile dumneavoastr\u0103 anterioare. Ce tipuri de cookie-uri folosim? Cookie-uri strict&#8230;<\/p>","protected":false},"author":1,"featured_media":0,"parent":0,"menu_order":0,"comment_status":"closed","ping_status":"closed","template":"elementor_header_footer","meta":{"_kad_post_transparent":"","_kad_post_title":"","_kad_post_layout":"","_kad_post_sidebar_id":"","_kad_post_content_style":"","_kad_post_vertical_padding":"","_kad_post_feature":"","_kad_post_feature_position":"","_kad_post_header":false,"_kad_post_footer":false,"_kad_post_classname":"","footnotes":""},"class_list":["post-14","page","type-page","status-publish","hentry"],"_links":{"self":[{"href":"https:\/\/cazarepensiunibrasov.ro\/en\/wp-json\/wp\/v2\/pages\/14","targetHints":{"allow":["GET"]}}],"collection":[{"href":"https:\/\/cazarepensiunibrasov.ro\/en\/wp-json\/wp\/v2\/pages"}],"about":[{"href":"https:\/\/cazarepensiunibrasov.ro\/en\/wp-json\/wp\/v2\/types\/page"}],"author":[{"embeddable":true,"href":"https:\/\/cazarepensiunibrasov.ro\/en\/wp-json\/wp\/v2\/users\/1"}],"replies":[{"embeddable":true,"href":"https:\/\/cazarepensiunibrasov.ro\/en\/wp-json\/wp\/v2\/comments?post=14"}],"version-history":[{"count":0,"href":"https:\/\/cazarepensiunibrasov.ro\/en\/wp-json\/wp\/v2\/pages\/14\/revisions"}],"wp:attachment":[{"href":"https:\/\/cazarepensiunibrasov.ro\/en\/wp-json\/wp\/v2\/media?parent=14"}],"curies":[{"name":"wp","href":"https:\/\/api.w.org\/{rel}","templated":true}]}}