{"id":1173,"date":"2026-03-20T12:50:08","date_gmt":"2026-03-20T10:50:08","guid":{"rendered":"https:\/\/cazarepensiunibrasov.ro\/?page_id=1173"},"modified":"2026-03-26T15:25:21","modified_gmt":"2026-03-26T13:25:21","slug":"tururi","status":"publish","type":"page","link":"https:\/\/cazarepensiunibrasov.ro\/en\/tururi\/","title":{"rendered":"TOURS"},"content":{"rendered":"<div data-elementor-type=\"wp-page\" data-elementor-id=\"1173\" class=\"elementor elementor-1173\" data-elementor-post-type=\"page\">\n\t\t\t\t<div class=\"elementor-element elementor-element-e6cefc2 e-flex e-con-boxed e-con e-parent\" data-id=\"e6cefc2\" data-element_type=\"container\" data-e-type=\"container\">\n\t\t\t\t\t<div class=\"e-con-inner\">\n\t\t\t\t<div class=\"elementor-element elementor-element-62f9d9d elementor-widget elementor-widget-text-editor\" data-id=\"62f9d9d\" data-element_type=\"widget\" data-e-type=\"widget\" data-widget_type=\"text-editor.default\">\n\t\t\t\t\t\t\t\t\t<div class=\"relative w-full mt-4 mb-1\"><div class=\"\"><div class=\"relative\"><div class=\"h-full min-h-0 min-w-0\"><div class=\"h-full min-h-0 min-w-0\"><div class=\"border border-token-border-light border-radius-3xl corner-superellipse\/1.1 rounded-3xl\"><div class=\"h-full w-full border-radius-3xl bg-token-bg-elevated-secondary corner-superellipse\/1.1 overflow-clip rounded-3xl lxnfua_clipPathFallback\"><div class=\"pe-11 pt-3\"><div class=\"relative z-0 flex max-w-full\"><div id=\"code-block-viewer\" class=\"q9tKkq_viewer cm-editor z-10 light:cm-light dark:cm-light flex h-full w-full flex-col items-stretch \u037c5 \u037cj\" dir=\"ltr\"><div class=\"cm-scroller\"><p>Explore Transylvania at your own pace \u2014 famous castles, spectacular mountain landscapes, wildlife encounters, and authentic local experiences.<\/p><\/div><\/div><\/div><\/div><\/div><\/div><\/div><\/div><div class=\"\"><div class=\"\">\u00a0<\/div><\/div><\/div><\/div><\/div>\t\t\t\t\t\t\t\t<\/div>\n\t\t\t\t\t<\/div>\n\t\t\t\t<\/div>\n\t\t<div class=\"elementor-element elementor-element-e79c772 e-flex e-con-boxed e-con e-parent\" data-id=\"e79c772\" data-element_type=\"container\" data-e-type=\"container\">\n\t\t\t\t\t<div class=\"e-con-inner\">\n\t\t<div class=\"elementor-element elementor-element-dd64b49 e-con-full e-flex e-con e-child\" data-id=\"dd64b49\" data-element_type=\"container\" data-e-type=\"container\">\n\t\t\t\t<div class=\"elementor-element elementor-element-f65c12b elementor-widget__width-inherit tour-image elementor-widget elementor-widget-image\" data-id=\"f65c12b\" data-element_type=\"widget\" data-e-type=\"widget\" data-widget_type=\"image.default\">\n\t\t\t\t\t\t\t\t\t\t\t\t\t\t\t<img fetchpriority=\"high\" decoding=\"async\" width=\"1024\" height=\"522\" src=\"https:\/\/cazarepensiunibrasov.ro\/wp-content\/uploads\/2026\/03\/Bran-castle-banner-1024x522.jpg\" class=\"attachment-large size-large wp-image-1092\" alt=\"bran castle-cazare-brasov-casa timar\" srcset=\"https:\/\/cazarepensiunibrasov.ro\/wp-content\/uploads\/2026\/03\/Bran-castle-banner-1024x522.jpg 1024w, https:\/\/cazarepensiunibrasov.ro\/wp-content\/uploads\/2026\/03\/Bran-castle-banner-300x153.jpg 300w, https:\/\/cazarepensiunibrasov.ro\/wp-content\/uploads\/2026\/03\/Bran-castle-banner-768x392.jpg 768w, https:\/\/cazarepensiunibrasov.ro\/wp-content\/uploads\/2026\/03\/Bran-castle-banner-1536x783.jpg 1536w, https:\/\/cazarepensiunibrasov.ro\/wp-content\/uploads\/2026\/03\/Bran-castle-banner-18x9.jpg 18w, https:\/\/cazarepensiunibrasov.ro\/wp-content\/uploads\/2026\/03\/Bran-castle-banner.jpg 1600w\" sizes=\"(max-width: 1024px) 100vw, 1024px\" \/>\t\t\t\t\t\t\t\t\t\t\t\t\t\t\t<\/div>\n\t\t\t\t<\/div>\n\t\t<div class=\"elementor-element elementor-element-4609271 e-con-full e-flex e-con e-child\" data-id=\"4609271\" data-element_type=\"container\" data-e-type=\"container\">\n\t\t\t\t<div class=\"elementor-element elementor-element-55681a8 elementor-widget elementor-widget-text-editor\" data-id=\"55681a8\" data-element_type=\"widget\" data-e-type=\"widget\" data-widget_type=\"text-editor.default\">\n\t\t\t\t\t\t\t\t\t<h2>Immerse yourself in the legends of Transylvania with a visit to Bran Castle and R\u00e2\u0219nov Fortress, in a small group tour.<\/h2>\t\t\t\t\t\t\t\t<\/div>\n\t\t\t\t<\/div>\n\t\t<div class=\"elementor-element elementor-element-a10e549 e-con-full e-flex e-con e-child\" data-id=\"a10e549\" data-element_type=\"container\" data-e-type=\"container\">\n\t\t\t\t<div class=\"elementor-element elementor-element-c5040a7 elementor-widget elementor-widget-html\" data-id=\"c5040a7\" data-element_type=\"widget\" data-e-type=\"widget\" data-widget_type=\"html.default\">\n\t\t\t\t\t<script type=\"text\/javascript\" src=\"https:\/\/widgets.bokun.io\/assets\/javascripts\/apps\/build\/BokunWidgetsLoader.js?bookingChannelUUID=af7468f3-cacd-4f2d-afa6-1ce3161d5121\" async><\/script>      <style> #bokun_b647b981_0e5d_405e_ae83_38a3c234d2bc { display: inline-block; padding: 10px 20px; background: #408C3D; border-radius: 5px; box-shadow: none; font-weight: 600; font-size: 16px; text-decoration: none; text-align: center; color: #FFFFFF; border:none; cursor: pointer; transition: background .2s ease; } #bokun_b647b981_0e5d_405e_ae83_38a3c234d2bc:hover{ background: #285726; } #bokun_b647b981_0e5d_405e_ae83_38a3c234d2bc:active{ background: #30682e; } <\/style> <button class=\"bokunButton\" disabled id=\"bokun_b647b981_0e5d_405e_ae83_38a3c234d2bc\" data-src=\"https:\/\/widgets.bokun.io\/online-sales\/af7468f3-cacd-4f2d-afa6-1ce3161d5121\/experience\/654905?partialView=1\" data-testid=\"widget-book-button\" > Verifica disponibilitatea<\/button>\r\n\t\t\t\t<\/div>\n\t\t\t\t<\/div>\n\t\t\t\t\t<\/div>\n\t\t\t\t<\/div>\n\t\t<div class=\"elementor-element elementor-element-4dec78f e-flex e-con-boxed e-con e-parent\" data-id=\"4dec78f\" data-element_type=\"container\" data-e-type=\"container\">\n\t\t\t\t\t<div class=\"e-con-inner\">\n\t\t<div class=\"elementor-element elementor-element-a3e2fa4 e-con-full e-flex e-con e-child\" data-id=\"a3e2fa4\" data-element_type=\"container\" data-e-type=\"container\">\n\t\t\t\t<div class=\"elementor-element elementor-element-792ebba elementor-widget__width-inherit tour-image elementor-widget elementor-widget-image\" data-id=\"792ebba\" data-element_type=\"widget\" data-e-type=\"widget\" data-widget_type=\"image.default\">\n\t\t\t\t\t\t\t\t\t\t\t\t\t\t\t<img decoding=\"async\" width=\"264\" height=\"190\" src=\"https:\/\/cazarepensiunibrasov.ro\/wp-content\/uploads\/2026\/03\/peles-e1773661768932.jpeg\" class=\"attachment-large size-large wp-image-1095\" alt=\"castelulpeles cazare casa timar brasov\" srcset=\"https:\/\/cazarepensiunibrasov.ro\/wp-content\/uploads\/2026\/03\/peles-e1773661768932.jpeg 264w, https:\/\/cazarepensiunibrasov.ro\/wp-content\/uploads\/2026\/03\/peles-e1773661768932-18x12.jpeg 18w\" sizes=\"(max-width: 264px) 100vw, 264px\" \/>\t\t\t\t\t\t\t\t\t\t\t\t\t\t\t<\/div>\n\t\t\t\t<\/div>\n\t\t<div class=\"elementor-element elementor-element-b142d26 e-con-full e-flex e-con e-child\" data-id=\"b142d26\" data-element_type=\"container\" data-e-type=\"container\">\n\t\t\t\t<div class=\"elementor-element elementor-element-3cf1a9f elementor-widget elementor-widget-text-editor\" data-id=\"3cf1a9f\" data-element_type=\"widget\" data-e-type=\"widget\" data-widget_type=\"text-editor.default\">\n\t\t\t\t\t\t\t\t\t<h2 id=\"1295183872\" class=\"dmNewParagraph\" data-element-type=\"paragraph\">From Brasov: Small-group tour Bran, Rasnov, and Peles Castles<\/h2>\t\t\t\t\t\t\t\t<\/div>\n\t\t\t\t<\/div>\n\t\t<div class=\"elementor-element elementor-element-6efff1c e-con-full e-flex e-con e-child\" data-id=\"6efff1c\" data-element_type=\"container\" data-e-type=\"container\">\n\t\t\t\t<div class=\"elementor-element elementor-element-c99d049 elementor-widget elementor-widget-html\" data-id=\"c99d049\" data-element_type=\"widget\" data-e-type=\"widget\" data-widget_type=\"html.default\">\n\t\t\t\t\t<script type=\"text\/javascript\" src=\"https:\/\/widgets.bokun.io\/assets\/javascripts\/apps\/build\/BokunWidgetsLoader.js?bookingChannelUUID=af7468f3-cacd-4f2d-afa6-1ce3161d5121\" async><\/script>      <style> #bokun_6b67a318_0c68_4524_8470_0846d13b3e1c { display: inline-block; padding: 10px 20px; background: #408C3D; border-radius: 5px; box-shadow: none; font-weight: 600; font-size: 16px; text-decoration: none; text-align: center; color: #FFFFFF; border:none; cursor: pointer; transition: background .2s ease; } #bokun_6b67a318_0c68_4524_8470_0846d13b3e1c:hover{ background: #285726; } #bokun_6b67a318_0c68_4524_8470_0846d13b3e1c:active{ background: #30682e; } <\/style> <button class=\"bokunButton\" disabled id=\"bokun_6b67a318_0c68_4524_8470_0846d13b3e1c\" data-src=\"https:\/\/widgets.bokun.io\/online-sales\/af7468f3-cacd-4f2d-afa6-1ce3161d5121\/experience\/374075?partialView=1\" data-testid=\"widget-book-button\" > Verifica disponibilitatea <\/button>\r\n\r\n\r\n\t\t\t\t<\/div>\n\t\t\t\t<\/div>\n\t\t\t\t\t<\/div>\n\t\t\t\t<\/div>\n\t\t<div class=\"elementor-element elementor-element-dcbb26d e-flex e-con-boxed e-con e-parent\" data-id=\"dcbb26d\" data-element_type=\"container\" data-e-type=\"container\">\n\t\t\t\t\t<div class=\"e-con-inner\">\n\t\t<div class=\"elementor-element elementor-element-4b170f7 e-con-full e-flex e-con e-child\" data-id=\"4b170f7\" data-element_type=\"container\" data-e-type=\"container\">\n\t\t\t\t<div class=\"elementor-element elementor-element-9d28559 elementor-widget__width-inherit tour-image elementor-widget elementor-widget-image\" data-id=\"9d28559\" data-element_type=\"widget\" data-e-type=\"widget\" data-widget_type=\"image.default\">\n\t\t\t\t\t\t\t\t\t\t\t\t\t\t\t<img decoding=\"async\" width=\"720\" height=\"480\" src=\"https:\/\/cazarepensiunibrasov.ro\/wp-content\/uploads\/2026\/03\/sighisoara-day-tour.avif\" class=\"attachment-large size-large wp-image-1203\" alt=\"sighisoar viscri rupea day tour\" srcset=\"https:\/\/cazarepensiunibrasov.ro\/wp-content\/uploads\/2026\/03\/sighisoara-day-tour.avif 720w, https:\/\/cazarepensiunibrasov.ro\/wp-content\/uploads\/2026\/03\/sighisoara-day-tour-300x200.avif 300w, https:\/\/cazarepensiunibrasov.ro\/wp-content\/uploads\/2026\/03\/sighisoara-day-tour-18x12.avif 18w\" sizes=\"(max-width: 720px) 100vw, 720px\" \/>\t\t\t\t\t\t\t\t\t\t\t\t\t\t\t<\/div>\n\t\t\t\t<\/div>\n\t\t<div class=\"elementor-element elementor-element-42363de e-con-full e-flex e-con e-child\" data-id=\"42363de\" data-element_type=\"container\" data-e-type=\"container\">\n\t\t\t\t<div class=\"elementor-element elementor-element-bcd981c elementor-widget elementor-widget-text-editor\" data-id=\"bcd981c\" data-element_type=\"widget\" data-e-type=\"widget\" data-widget_type=\"text-editor.default\">\n\t\t\t\t\t\t\t\t\t<h2>Small-Group Tour Sighisoara, Rupea Fortress and Viscri Day Trip from Brasov<\/h2>\t\t\t\t\t\t\t\t<\/div>\n\t\t\t\t<\/div>\n\t\t<div class=\"elementor-element elementor-element-00b872e e-con-full e-flex e-con e-child\" data-id=\"00b872e\" data-element_type=\"container\" data-e-type=\"container\">\n\t\t\t\t<div class=\"elementor-element elementor-element-e62c02c elementor-widget elementor-widget-html\" data-id=\"e62c02c\" data-element_type=\"widget\" data-e-type=\"widget\" data-widget_type=\"html.default\">\n\t\t\t\t\t<script type=\"text\/javascript\" src=\"https:\/\/widgets.bokun.io\/assets\/javascripts\/apps\/build\/BokunWidgetsLoader.js?bookingChannelUUID=af7468f3-cacd-4f2d-afa6-1ce3161d5121\" async><\/script>      <style> #bokun_c65e6bea_c1ba_4ec0_a56e_b68cc0a34a53 { display: inline-block; padding: 10px 20px; background: #408C3D; border-radius: 5px; box-shadow: none; font-weight: 600; font-size: 16px; text-decoration: none; text-align: center; color: #FFFFFF; border:none; cursor: pointer; transition: background .2s ease; } #bokun_c65e6bea_c1ba_4ec0_a56e_b68cc0a34a53:hover{ background: #285726; } #bokun_c65e6bea_c1ba_4ec0_a56e_b68cc0a34a53:active{ background: #30682e; } <\/style> <button class=\"bokunButton\" disabled id=\"bokun_c65e6bea_c1ba_4ec0_a56e_b68cc0a34a53\" data-src=\"https:\/\/widgets.bokun.io\/online-sales\/af7468f3-cacd-4f2d-afa6-1ce3161d5121\/experience\/374078?partialView=1\" data-testid=\"widget-book-button\" > Check availability <\/button>\r\n\r\n\t\t\t\t<\/div>\n\t\t\t\t<\/div>\n\t\t\t\t\t<\/div>\n\t\t\t\t<\/div>\n\t\t<div class=\"elementor-element elementor-element-1753ea8 e-flex e-con-boxed e-con e-parent\" data-id=\"1753ea8\" data-element_type=\"container\" data-e-type=\"container\">\n\t\t\t\t\t<div class=\"e-con-inner\">\n\t\t<div class=\"elementor-element elementor-element-4beb40d e-con-full e-flex e-con e-child\" data-id=\"4beb40d\" data-element_type=\"container\" data-e-type=\"container\">\n\t\t\t\t<div class=\"elementor-element elementor-element-3abfddb elementor-widget__width-inherit tour-image elementor-widget elementor-widget-image\" data-id=\"3abfddb\" data-element_type=\"widget\" data-e-type=\"widget\" data-widget_type=\"image.default\">\n\t\t\t\t\t\t\t\t\t\t\t\t\t\t\t<img loading=\"lazy\" decoding=\"async\" width=\"720\" height=\"480\" src=\"https:\/\/cazarepensiunibrasov.ro\/wp-content\/uploads\/2026\/03\/mv1.avif\" class=\"attachment-large size-large wp-image-1204\" alt=\"mountain village one day tour transylvania brasov casa timar\" srcset=\"https:\/\/cazarepensiunibrasov.ro\/wp-content\/uploads\/2026\/03\/mv1.avif 720w, https:\/\/cazarepensiunibrasov.ro\/wp-content\/uploads\/2026\/03\/mv1-300x200.avif 300w, https:\/\/cazarepensiunibrasov.ro\/wp-content\/uploads\/2026\/03\/mv1-18x12.avif 18w\" sizes=\"(max-width: 720px) 100vw, 720px\" \/>\t\t\t\t\t\t\t\t\t\t\t\t\t\t\t<\/div>\n\t\t\t\t<\/div>\n\t\t<div class=\"elementor-element elementor-element-cf9e4d3 e-con-full e-flex e-con e-child\" data-id=\"cf9e4d3\" data-element_type=\"container\" data-e-type=\"container\">\n\t\t\t\t<div class=\"elementor-element elementor-element-606ac3a elementor-widget elementor-widget-text-editor\" data-id=\"606ac3a\" data-element_type=\"widget\" data-e-type=\"widget\" data-widget_type=\"text-editor.default\">\n\t\t\t\t\t\t\t\t\t<h2>Small-Group Day tour in Romanian mountain villages<\/h2>\t\t\t\t\t\t\t\t<\/div>\n\t\t\t\t<\/div>\n\t\t<div class=\"elementor-element elementor-element-9ae3386 e-con-full e-flex e-con e-child\" data-id=\"9ae3386\" data-element_type=\"container\" data-e-type=\"container\">\n\t\t\t\t<div class=\"elementor-element elementor-element-5936d05 elementor-widget elementor-widget-html\" data-id=\"5936d05\" data-element_type=\"widget\" data-e-type=\"widget\" data-widget_type=\"html.default\">\n\t\t\t\t\t<script type=\"text\/javascript\" src=\"https:\/\/widgets.bokun.io\/assets\/javascripts\/apps\/build\/BokunWidgetsLoader.js?bookingChannelUUID=af7468f3-cacd-4f2d-afa6-1ce3161d5121\" async><\/script>      <style> #bokun_15480312_b0db_40d2_8b02_3701129cf968 { display: inline-block; padding: 10px 20px; background: #408C3D; border-radius: 5px; box-shadow: none; font-weight: 600; font-size: 16px; text-decoration: none; text-align: center; color: #FFFFFF; border:none; cursor: pointer; transition: background .2s ease; } #bokun_15480312_b0db_40d2_8b02_3701129cf968:hover{ background: #285726; } #bokun_15480312_b0db_40d2_8b02_3701129cf968:active{ background: #30682e; } <\/style> <button class=\"bokunButton\" disabled id=\"bokun_15480312_b0db_40d2_8b02_3701129cf968\" data-src=\"https:\/\/widgets.bokun.io\/online-sales\/af7468f3-cacd-4f2d-afa6-1ce3161d5121\/experience\/374081?partialView=1\" data-testid=\"widget-book-button\" > Check availability <\/button>\r\n\t\t\t\t<\/div>\n\t\t\t\t<\/div>\n\t\t\t\t\t<\/div>\n\t\t\t\t<\/div>\n\t\t<div class=\"elementor-element elementor-element-7ea4ad0 e-flex e-con-boxed e-con e-parent\" data-id=\"7ea4ad0\" data-element_type=\"container\" data-e-type=\"container\">\n\t\t\t\t\t<div class=\"e-con-inner\">\n\t\t<div class=\"elementor-element elementor-element-32bbe5f e-con-full e-flex e-con e-child\" data-id=\"32bbe5f\" data-element_type=\"container\" data-e-type=\"container\">\n\t\t\t\t<div class=\"elementor-element elementor-element-e27a8c6 elementor-widget__width-inherit tour-image elementor-widget elementor-widget-image\" data-id=\"e27a8c6\" data-element_type=\"widget\" data-e-type=\"widget\" data-widget_type=\"image.default\">\n\t\t\t\t\t\t\t\t\t\t\t\t\t\t\t<img loading=\"lazy\" decoding=\"async\" width=\"720\" height=\"480\" src=\"https:\/\/cazarepensiunibrasov.ro\/wp-content\/uploads\/2026\/03\/prejmer-fortif.avif\" class=\"attachment-large size-large wp-image-1205\" alt=\"fortified church unesco bran castle brasov\" srcset=\"https:\/\/cazarepensiunibrasov.ro\/wp-content\/uploads\/2026\/03\/prejmer-fortif.avif 720w, https:\/\/cazarepensiunibrasov.ro\/wp-content\/uploads\/2026\/03\/prejmer-fortif-300x200.avif 300w, https:\/\/cazarepensiunibrasov.ro\/wp-content\/uploads\/2026\/03\/prejmer-fortif-18x12.avif 18w\" sizes=\"(max-width: 720px) 100vw, 720px\" \/>\t\t\t\t\t\t\t\t\t\t\t\t\t\t\t<\/div>\n\t\t\t\t<\/div>\n\t\t<div class=\"elementor-element elementor-element-8381d55 e-con-full e-flex e-con e-child\" data-id=\"8381d55\" data-element_type=\"container\" data-e-type=\"container\">\n\t\t\t\t<div class=\"elementor-element elementor-element-8d729d5 elementor-widget elementor-widget-text-editor\" data-id=\"8d729d5\" data-element_type=\"widget\" data-e-type=\"widget\" data-widget_type=\"text-editor.default\">\n\t\t\t\t\t\t\t\t\t<h2 id=\"1295183872\" class=\"dmNewParagraph\" data-element-type=\"paragraph\">Experience the History of Bran Castle and Saxon Fortifications in Burzenland<\/h2>\t\t\t\t\t\t\t\t<\/div>\n\t\t\t\t<\/div>\n\t\t<div class=\"elementor-element elementor-element-527698b e-con-full e-flex e-con e-child\" data-id=\"527698b\" data-element_type=\"container\" data-e-type=\"container\">\n\t\t\t\t<div class=\"elementor-element elementor-element-d734076 elementor-widget elementor-widget-html\" data-id=\"d734076\" data-element_type=\"widget\" data-e-type=\"widget\" data-widget_type=\"html.default\">\n\t\t\t\t\t<script type=\"text\/javascript\" src=\"https:\/\/widgets.bokun.io\/assets\/javascripts\/apps\/build\/BokunWidgetsLoader.js?bookingChannelUUID=af7468f3-cacd-4f2d-afa6-1ce3161d5121\" async><\/script>      <style> #bokun_fa7a84f3_2aab_4481_95ac_a4d62fcac9a9 { display: inline-block; padding: 10px 20px; background: #408C3D; border-radius: 5px; box-shadow: none; font-weight: 600; font-size: 16px; text-decoration: none; text-align: center; color: #FFFFFF; border:none; cursor: pointer; transition: background .2s ease; } #bokun_fa7a84f3_2aab_4481_95ac_a4d62fcac9a9:hover{ background: #285726; } #bokun_fa7a84f3_2aab_4481_95ac_a4d62fcac9a9:active{ background: #30682e; } <\/style> <button class=\"bokunButton\" disabled id=\"bokun_fa7a84f3_2aab_4481_95ac_a4d62fcac9a9\" data-src=\"https:\/\/widgets.bokun.io\/online-sales\/af7468f3-cacd-4f2d-afa6-1ce3161d5121\/experience\/661209?partialView=1\" data-testid=\"widget-book-button\" > Check availability <\/button>\r\n\t\t\t\t<\/div>\n\t\t\t\t<\/div>\n\t\t\t\t\t<\/div>\n\t\t\t\t<\/div>\n\t\t\t\t<\/div>","protected":false},"excerpt":{"rendered":"<p>Exploreaz\u0103 Transilvania \u00een ritmul t\u0103u castele celebre, peisaje montane spectaculoase, via\u021b\u0103 s\u0103lbatic\u0103 \u0219i experien\u021be locale autentice \u00a0 Descoper\u0103 legendele Transilvaniei \u00eentr-un tur de grup restr\u00e2ns, vizit\u00e2nd Castelul Bran \u0219i Cetatea R\u00e2\u0219nov. Verifica disponibilitatea Din Bra\u0219ov: Tur \u00een grup mic la castelele Bran, R\u00e2\u0219nov \u0219i Pele\u0219. Verifica disponibilitatea Tur \u00een grup mic la Sighi\u0219oara, Cetatea Rupea&#8230;<\/p>","protected":false},"author":1,"featured_media":0,"parent":0,"menu_order":0,"comment_status":"closed","ping_status":"closed","template":"","meta":{"_kad_post_transparent":"","_kad_post_title":"","_kad_post_layout":"","_kad_post_sidebar_id":"","_kad_post_content_style":"","_kad_post_vertical_padding":"","_kad_post_feature":"","_kad_post_feature_position":"","_kad_post_header":false,"_kad_post_footer":false,"_kad_post_classname":"","footnotes":""},"class_list":["post-1173","page","type-page","status-publish","hentry"],"_links":{"self":[{"href":"https:\/\/cazarepensiunibrasov.ro\/en\/wp-json\/wp\/v2\/pages\/1173","targetHints":{"allow":["GET"]}}],"collection":[{"href":"https:\/\/cazarepensiunibrasov.ro\/en\/wp-json\/wp\/v2\/pages"}],"about":[{"href":"https:\/\/cazarepensiunibrasov.ro\/en\/wp-json\/wp\/v2\/types\/page"}],"author":[{"embeddable":true,"href":"https:\/\/cazarepensiunibrasov.ro\/en\/wp-json\/wp\/v2\/users\/1"}],"replies":[{"embeddable":true,"href":"https:\/\/cazarepensiunibrasov.ro\/en\/wp-json\/wp\/v2\/comments?post=1173"}],"version-history":[{"count":43,"href":"https:\/\/cazarepensiunibrasov.ro\/en\/wp-json\/wp\/v2\/pages\/1173\/revisions"}],"predecessor-version":[{"id":1246,"href":"https:\/\/cazarepensiunibrasov.ro\/en\/wp-json\/wp\/v2\/pages\/1173\/revisions\/1246"}],"wp:attachment":[{"href":"https:\/\/cazarepensiunibrasov.ro\/en\/wp-json\/wp\/v2\/media?parent=1173"}],"curies":[{"name":"wp","href":"https:\/\/api.w.org\/{rel}","templated":true}]}}