{"id":1154,"date":"2026-03-17T14:11:50","date_gmt":"2026-03-17T12:11:50","guid":{"rendered":"https:\/\/cazarepensiunibrasov.ro\/?page_id=1154"},"modified":"2026-03-17T14:25:07","modified_gmt":"2026-03-17T12:25:07","slug":"cazare-brasov-centru","status":"publish","type":"page","link":"https:\/\/cazarepensiunibrasov.ro\/en\/cazare-brasov-centru\/","title":{"rendered":"Cazare Bra\u0219ov centru"},"content":{"rendered":"<p>Dac\u0103 e\u0219ti \u00een c\u0103utarea unei op\u021biuni de cazare \u00een Bra\u0219ov aproape de centru, Casa Timar este alegerea ideal\u0103 pentru un sejur confortabil \u0219i relaxant.<\/p>\n\n\n\n<p>Pensiunea noastr\u0103 este situat\u0103 \u00eentr-o zon\u0103 lini\u0219tit\u0103, dar foarte aproape de principalele atrac\u021bii turistice din Bra\u0219ov. \u00cen doar c\u00e2teva minute po\u021bi ajunge \u00een centrul vechi, unde vei g\u0103si restaurante, cafenele \u0219i obiective turistice renumite.<\/p>\n\n\n\n<h2 class=\"wp-block-heading\">De ce s\u0103 alegi Casa Timar<\/h2>\n\n\n\n<ul class=\"wp-block-list\">\n<li>Loca\u021bie excelent\u0103 aproape de centrul Bra\u0219ovului<\/li>\n\n\n\n<li>Camere curate \u0219i confortabile<\/li>\n\n\n\n<li>Parcare gratuit\u0103 pentru oaspe\u021bi<\/li>\n\n\n\n<li>Wi-Fi gratuit<\/li>\n\n\n\n<li>Acces rapid c\u0103tre principalele atrac\u021bii turistice<\/li>\n<\/ul>\n\n\n\n<h2 class=\"wp-block-heading\">Aproape de principalele atrac\u021bii<\/h2>\n\n\n\n<p>Dac\u0103 alegi cazare \u00een Bra\u0219ov centru la Casa Timar, vei avea acces rapid c\u0103tre Pia\u021ba Sfatului, Biserica Neagr\u0103, Strada Sforii \u0219i Muntele T\u00e2mpa.<\/p>\n\n\n\n<h2 class=\"wp-block-heading\">Rezerv\u0103 direct<\/h2>\n\n\n\n<p>Pentru cea mai bun\u0103 ofert\u0103, \u00ee\u021bi recomand\u0103m s\u0103 faci o rezervare direct pe site-ul nostru. Beneficiezi de pre\u021buri mai bune \u0219i confirmare rapid\u0103.<\/p>\n\n\n\n<p>Te a\u0219tept\u0103m la Casa Timar pentru o experien\u021b\u0103 pl\u0103cut\u0103 \u00een Bra\u0219ov!<\/p>\n\n\n\n<p>Dac\u0103 \u00ee\u021bi dore\u0219ti cazare \u00een Bra\u0219ov centru la un raport excelent calitate-pre\u021b, Casa Timar este alegerea potrivit\u0103. Indiferent dac\u0103 vii \u00een vacan\u021b\u0103 sau \u00een interes de serviciu, loca\u021bia noastr\u0103 \u00ee\u021bi ofer\u0103 acces rapid c\u0103tre toate punctele importante din ora\u0219.<\/p>\n\n\n\n<p>Casa Timar ofer\u0103 cazare \u00een Bra\u0219ov, \u00een centru, ideal\u0103 pentru turi\u0219ti care doresc confort \u0219i acces rapid la atrac\u021biile principale.<\/p>\n\n\n\n<p><\/p>","protected":false},"excerpt":{"rendered":"<p>Dac\u0103 e\u0219ti \u00een c\u0103utarea unei op\u021biuni de cazare \u00een Bra\u0219ov aproape de centru, Casa Timar este alegerea ideal\u0103 pentru un sejur confortabil \u0219i relaxant. Pensiunea noastr\u0103 este situat\u0103 \u00eentr-o zon\u0103 lini\u0219tit\u0103, dar foarte aproape de principalele atrac\u021bii turistice din Bra\u0219ov. \u00cen doar c\u00e2teva minute po\u021bi ajunge \u00een centrul vechi, unde vei g\u0103si restaurante, cafenele \u0219i&#8230;<\/p>","protected":false},"author":1,"featured_media":0,"parent":0,"menu_order":0,"comment_status":"closed","ping_status":"closed","template":"","meta":{"_kad_post_transparent":"","_kad_post_title":"","_kad_post_layout":"","_kad_post_sidebar_id":"","_kad_post_content_style":"","_kad_post_vertical_padding":"","_kad_post_feature":"","_kad_post_feature_position":"","_kad_post_header":false,"_kad_post_footer":false,"_kad_post_classname":"","footnotes":""},"class_list":["post-1154","page","type-page","status-publish","hentry"],"_links":{"self":[{"href":"https:\/\/cazarepensiunibrasov.ro\/en\/wp-json\/wp\/v2\/pages\/1154","targetHints":{"allow":["GET"]}}],"collection":[{"href":"https:\/\/cazarepensiunibrasov.ro\/en\/wp-json\/wp\/v2\/pages"}],"about":[{"href":"https:\/\/cazarepensiunibrasov.ro\/en\/wp-json\/wp\/v2\/types\/page"}],"author":[{"embeddable":true,"href":"https:\/\/cazarepensiunibrasov.ro\/en\/wp-json\/wp\/v2\/users\/1"}],"replies":[{"embeddable":true,"href":"https:\/\/cazarepensiunibrasov.ro\/en\/wp-json\/wp\/v2\/comments?post=1154"}],"version-history":[{"count":3,"href":"https:\/\/cazarepensiunibrasov.ro\/en\/wp-json\/wp\/v2\/pages\/1154\/revisions"}],"predecessor-version":[{"id":1159,"href":"https:\/\/cazarepensiunibrasov.ro\/en\/wp-json\/wp\/v2\/pages\/1154\/revisions\/1159"}],"wp:attachment":[{"href":"https:\/\/cazarepensiunibrasov.ro\/en\/wp-json\/wp\/v2\/media?parent=1154"}],"curies":[{"name":"wp","href":"https:\/\/api.w.org\/{rel}","templated":true}]}}